{"id":5014,"date":"2021-11-02T14:15:00","date_gmt":"2021-11-02T13:15:00","guid":{"rendered":"https:\/\/www.tamsstn.org\/?page_id=5014"},"modified":"2022-04-21T12:57:48","modified_gmt":"2022-04-21T10:57:48","slug":"us-tunisia-peer-exchange-program","status":"publish","type":"page","link":"https:\/\/www.tamsstn.org\/en\/us-tunisia-peer-exchange-program\/","title":{"rendered":"US-TUNISIA Peer Exchange Program"},"content":{"rendered":"<div data-elementor-type=\"wp-page\" data-elementor-id=\"5014\" class=\"elementor elementor-5014\">\n\t\t\t\t\t\t<section class=\"elementor-section elementor-top-section elementor-element elementor-element-49f7f27b elementor-section-items-top elementor-section-height-min-height elementor-section-boxed elementor-section-height-default wpr-particle-no wpr-jarallax-no wpr-parallax-no wpr-sticky-section-no jltma-glass-effect-no\" data-id=\"49f7f27b\" data-element_type=\"section\" data-settings=\"{&quot;background_background&quot;:&quot;classic&quot;}\">\n\t\t\t\t\t\t<div class=\"elementor-container elementor-column-gap-default\">\n\t\t\t\t\t<div class=\"elementor-column elementor-col-100 elementor-top-column elementor-element elementor-element-7e00b021 jltma-glass-effect-no\" data-id=\"7e00b021\" data-element_type=\"column\">\n\t\t\t<div class=\"elementor-widget-wrap elementor-element-populated\">\n\t\t\t\t\t\t\t<\/div>\n\t\t<\/div>\n\t\t\t\t\t<\/div>\n\t\t<\/section>\n\t\t\t\t<section class=\"elementor-section elementor-top-section elementor-element elementor-element-7d674e95 elementor-section-boxed elementor-section-height-default elementor-section-height-default wpr-particle-no wpr-jarallax-no wpr-parallax-no wpr-sticky-section-no jltma-glass-effect-no\" data-id=\"7d674e95\" data-element_type=\"section\">\n\t\t\t\t\t\t<div class=\"elementor-container elementor-column-gap-no\">\n\t\t\t\t\t<div class=\"elementor-column elementor-col-50 elementor-top-column elementor-element elementor-element-21138553 jltma-glass-effect-no\" data-id=\"21138553\" data-element_type=\"column\">\n\t\t\t<div class=\"elementor-widget-wrap elementor-element-populated\">\n\t\t\t\t\t\t<div class=\"elementor-element elementor-element-350fb11c jltma-glass-effect-no elementor-widget elementor-widget-text-editor\" data-id=\"350fb11c\" data-element_type=\"widget\" data-widget_type=\"text-editor.default\">\n\t\t\t\t<div class=\"elementor-widget-container\">\n\t\t\t\t\t\t\t\t\t<p class=\"p1\">PROGRAMME D&rsquo;\u00c9CHANGE<\/p><p class=\"p1\">DES ELUS LOCAUX ENTRE<\/p><p class=\"p1\">USA-TUNISIE<\/p>\t\t\t\t\t\t\t\t<\/div>\n\t\t\t\t<\/div>\n\t\t\t\t\t<\/div>\n\t\t<\/div>\n\t\t\t\t<div class=\"elementor-column elementor-col-50 elementor-top-column elementor-element elementor-element-5bd218be jltma-glass-effect-no\" data-id=\"5bd218be\" data-element_type=\"column\">\n\t\t\t<div class=\"elementor-widget-wrap elementor-element-populated\">\n\t\t\t\t\t\t<div class=\"elementor-element elementor-element-2a05a6c0 elementor-widget-divider--view-line jltma-glass-effect-no elementor-widget elementor-widget-divider\" data-id=\"2a05a6c0\" data-element_type=\"widget\" data-widget_type=\"divider.default\">\n\t\t\t\t<div class=\"elementor-widget-container\">\n\t\t\t\t\t\t\t<div class=\"elementor-divider\">\n\t\t\t<span class=\"elementor-divider-separator\">\n\t\t\t\t\t\t<\/span>\n\t\t<\/div>\n\t\t\t\t\t\t<\/div>\n\t\t\t\t<\/div>\n\t\t\t\t\t<\/div>\n\t\t<\/div>\n\t\t\t\t\t<\/div>\n\t\t<\/section>\n\t\t\t\t<section class=\"elementor-section elementor-top-section elementor-element elementor-element-abe798d elementor-section-boxed elementor-section-height-default elementor-section-height-default wpr-particle-no wpr-jarallax-no wpr-parallax-no wpr-sticky-section-no jltma-glass-effect-no\" data-id=\"abe798d\" data-element_type=\"section\">\n\t\t\t\t\t\t<div class=\"elementor-container elementor-column-gap-default\">\n\t\t\t\t\t<div class=\"elementor-column elementor-col-100 elementor-top-column elementor-element elementor-element-276494c jltma-glass-effect-no\" data-id=\"276494c\" data-element_type=\"column\">\n\t\t\t<div class=\"elementor-widget-wrap elementor-element-populated\">\n\t\t\t\t\t\t<div class=\"elementor-element elementor-element-d255210 jltma-glass-effect-no elementor-widget elementor-widget-spacer\" data-id=\"d255210\" data-element_type=\"widget\" data-widget_type=\"spacer.default\">\n\t\t\t\t<div class=\"elementor-widget-container\">\n\t\t\t\t\t\t\t<div class=\"elementor-spacer\">\n\t\t\t<div class=\"elementor-spacer-inner\"><\/div>\n\t\t<\/div>\n\t\t\t\t\t\t<\/div>\n\t\t\t\t<\/div>\n\t\t\t\t\t<\/div>\n\t\t<\/div>\n\t\t\t\t\t<\/div>\n\t\t<\/section>\n\t\t\t\t<section class=\"elementor-section elementor-top-section elementor-element elementor-element-67bd6a9b elementor-section-boxed elementor-section-height-default elementor-section-height-default wpr-particle-no wpr-jarallax-no wpr-parallax-no wpr-sticky-section-no jltma-glass-effect-no\" data-id=\"67bd6a9b\" data-element_type=\"section\" data-settings=\"{&quot;background_background&quot;:&quot;classic&quot;}\">\n\t\t\t\t\t\t\t<div class=\"elementor-background-overlay\"><\/div>\n\t\t\t\t\t\t\t<div class=\"elementor-container elementor-column-gap-default\">\n\t\t\t\t\t<div class=\"elementor-column elementor-col-100 elementor-top-column elementor-element elementor-element-1f8c1d4e jltma-glass-effect-no\" data-id=\"1f8c1d4e\" data-element_type=\"column\" data-settings=\"{&quot;background_background&quot;:&quot;classic&quot;}\">\n\t\t\t<div class=\"elementor-widget-wrap elementor-element-populated\">\n\t\t\t\t\t<div class=\"elementor-background-overlay\"><\/div>\n\t\t\t\t\t\t<section class=\"elementor-section elementor-inner-section elementor-element elementor-element-2aefa5a3 elementor-section-full_width elementor-section-height-default elementor-section-height-default wpr-particle-no wpr-jarallax-no wpr-parallax-no wpr-sticky-section-no jltma-glass-effect-no\" data-id=\"2aefa5a3\" data-element_type=\"section\" data-settings=\"{&quot;background_background&quot;:&quot;gradient&quot;}\">\n\t\t\t\t\t\t<div class=\"elementor-container elementor-column-gap-no\">\n\t\t\t\t\t<article class=\"elementor-column elementor-col-100 elementor-inner-column elementor-element elementor-element-5e61444a jltma-glass-effect-no\" data-id=\"5e61444a\" data-element_type=\"column\" data-settings=\"{&quot;background_background&quot;:&quot;classic&quot;}\">\n\t\t\t<div class=\"elementor-widget-wrap elementor-element-populated\">\n\t\t\t\t\t\t<div class=\"elementor-element elementor-element-6cd778e7 jltma-glass-effect-no elementor-widget elementor-widget-heading\" data-id=\"6cd778e7\" data-element_type=\"widget\" data-widget_type=\"heading.default\">\n\t\t\t\t<div class=\"elementor-widget-container\">\n\t\t\t\t\t<h3 class=\"elementor-heading-title elementor-size-large\">Specific Objectives<\/h3>\t\t\t\t<\/div>\n\t\t\t\t<\/div>\n\t\t\t\t<div class=\"elementor-element elementor-element-4b23ce7e jltma-glass-effect-no elementor-widget elementor-widget-text-editor\" data-id=\"4b23ce7e\" data-element_type=\"widget\" data-widget_type=\"text-editor.default\">\n\t\t\t\t<div class=\"elementor-widget-container\">\n\t\t\t\t\t\t\t\t\t<p class=\"p1\">Enabling locally elected MENA officials to achieve immediate and tangible successes in their communities following models implemented by U.S.-MENA partners<\/p><p class=\"p1\">Building and reforming policies and procedures in local MENA communities for business and government officials using best practices applied in a U.S.-MENA context<\/p><p class=\"p1\">Creating partnerships and cooperation between U.S.-MENA and MENA businesses at the local level to foster economic growth<\/p>\t\t\t\t\t\t\t\t<\/div>\n\t\t\t\t<\/div>\n\t\t\t\t\t<\/div>\n\t\t<\/article>\n\t\t\t\t\t<\/div>\n\t\t<\/section>\n\t\t\t\t\t<\/div>\n\t\t<\/div>\n\t\t\t\t\t<\/div>\n\t\t<\/section>\n\t\t\t\t<section class=\"elementor-section elementor-top-section elementor-element elementor-element-1bba2b38 elementor-section-content-middle elementor-reverse-mobile elementor-section-boxed elementor-section-height-default elementor-section-height-default wpr-particle-no wpr-jarallax-no wpr-parallax-no wpr-sticky-section-no jltma-glass-effect-no\" data-id=\"1bba2b38\" data-element_type=\"section\">\n\t\t\t\t\t\t<div class=\"elementor-container elementor-column-gap-default\">\n\t\t\t\t\t<div class=\"elementor-column elementor-col-50 elementor-top-column elementor-element elementor-element-3f044789 jltma-glass-effect-no\" data-id=\"3f044789\" data-element_type=\"column\">\n\t\t\t<div class=\"elementor-widget-wrap elementor-element-populated\">\n\t\t\t\t\t\t<div class=\"elementor-element elementor-element-2445d4c8 jltma-glass-effect-no elementor-widget elementor-widget-heading\" data-id=\"2445d4c8\" data-element_type=\"widget\" data-widget_type=\"heading.default\">\n\t\t\t\t<div class=\"elementor-widget-container\">\n\t\t\t\t\t<h3 class=\"elementor-heading-title elementor-size-default\">.<\/h3>\t\t\t\t<\/div>\n\t\t\t\t<\/div>\n\t\t\t\t<div class=\"elementor-element elementor-element-2dd70b80 jltma-glass-effect-no elementor-widget elementor-widget-text-editor\" data-id=\"2dd70b80\" data-element_type=\"widget\" data-widget_type=\"text-editor.default\">\n\t\t\t\t<div class=\"elementor-widget-container\">\n\t\t\t\t\t\t\t\t\t<p class=\"p1\">Tunis, Municipality of Tunis<\/p><p class=\"p1\">Sfax, Municipality of Sfax<\/p><p class=\"p1\">Nabeul , Munisipality of Dar Cha\u00e2bane<\/p>\t\t\t\t\t\t\t\t<\/div>\n\t\t\t\t<\/div>\n\t\t\t\t\t<\/div>\n\t\t<\/div>\n\t\t\t\t<div class=\"elementor-column elementor-col-50 elementor-top-column elementor-element elementor-element-1dd75e20 jltma-glass-effect-no\" data-id=\"1dd75e20\" data-element_type=\"column\">\n\t\t\t<div class=\"elementor-widget-wrap elementor-element-populated\">\n\t\t\t\t\t\t<div class=\"elementor-element elementor-element-6fe441df jltma-glass-effect-no elementor-widget elementor-widget-image\" data-id=\"6fe441df\" data-element_type=\"widget\" data-widget_type=\"image.default\">\n\t\t\t\t<div class=\"elementor-widget-container\">\n\t\t\t\t\t\t\t\t\t\t\t\t\t\t\t<img decoding=\"async\" src=\"https:\/\/www.tamsstn.org\/wp-content\/uploads\/2021\/11\/main2.jpg\" title=\"\" alt=\"\" loading=\"lazy\">\t\t\t\t\t\t\t\t\t\t\t\t\t\t\t<\/div>\n\t\t\t\t<\/div>\n\t\t\t\t\t<\/div>\n\t\t<\/div>\n\t\t\t\t\t<\/div>\n\t\t<\/section>\n\t\t\t\t<section class=\"elementor-section elementor-top-section elementor-element elementor-element-adb3513 elementor-section-content-middle elementor-section-boxed elementor-section-height-default elementor-section-height-default wpr-particle-no wpr-jarallax-no wpr-parallax-no wpr-sticky-section-no jltma-glass-effect-no\" data-id=\"adb3513\" data-element_type=\"section\">\n\t\t\t\t\t\t<div class=\"elementor-container elementor-column-gap-default\">\n\t\t\t\t\t<div class=\"elementor-column elementor-col-50 elementor-top-column elementor-element elementor-element-676a8e12 jltma-glass-effect-no\" data-id=\"676a8e12\" data-element_type=\"column\">\n\t\t\t<div class=\"elementor-widget-wrap elementor-element-populated\">\n\t\t\t\t\t\t<div class=\"elementor-element elementor-element-238155aa jltma-glass-effect-no elementor-widget elementor-widget-image\" data-id=\"238155aa\" data-element_type=\"widget\" data-widget_type=\"image.default\">\n\t\t\t\t<div class=\"elementor-widget-container\">\n\t\t\t\t\t\t\t\t\t\t\t\t\t\t\t<img decoding=\"async\" src=\"https:\/\/www.tamsstn.org\/wp-content\/uploads\/2021\/11\/main3.jpg\" title=\"\" alt=\"\" loading=\"lazy\">\t\t\t\t\t\t\t\t\t\t\t\t\t\t\t<\/div>\n\t\t\t\t<\/div>\n\t\t\t\t\t<\/div>\n\t\t<\/div>\n\t\t\t\t<div class=\"elementor-column elementor-col-50 elementor-top-column elementor-element elementor-element-4426b8b2 jltma-glass-effect-no\" data-id=\"4426b8b2\" data-element_type=\"column\">\n\t\t\t<div class=\"elementor-widget-wrap elementor-element-populated\">\n\t\t\t\t\t\t<div class=\"elementor-element elementor-element-596a37ca jltma-glass-effect-no elementor-widget elementor-widget-heading\" data-id=\"596a37ca\" data-element_type=\"widget\" data-widget_type=\"heading.default\">\n\t\t\t\t<div class=\"elementor-widget-container\">\n\t\t\t\t\t<h3 class=\"elementor-heading-title elementor-size-default\">Beneficiaries of the project<\/h3>\t\t\t\t<\/div>\n\t\t\t\t<\/div>\n\t\t\t\t<div class=\"elementor-element elementor-element-67bdbf2c jltma-glass-effect-no elementor-widget elementor-widget-text-editor\" data-id=\"67bdbf2c\" data-element_type=\"widget\" data-widget_type=\"text-editor.default\">\n\t\t\t\t<div class=\"elementor-widget-container\">\n\t\t\t\t\t\t\t\t\t<p class=\"p1\">Mayors &amp; Elected officials<\/p>\t\t\t\t\t\t\t\t<\/div>\n\t\t\t\t<\/div>\n\t\t\t\t\t<\/div>\n\t\t<\/div>\n\t\t\t\t\t<\/div>\n\t\t<\/section>\n\t\t\t\t<section class=\"elementor-section elementor-top-section elementor-element elementor-element-0150039 elementor-section-boxed elementor-section-height-default elementor-section-height-default wpr-particle-no wpr-jarallax-no wpr-parallax-no wpr-sticky-section-no jltma-glass-effect-no\" data-id=\"0150039\" data-element_type=\"section\">\n\t\t\t\t\t\t<div class=\"elementor-container elementor-column-gap-default\">\n\t\t\t\t\t<div class=\"elementor-column elementor-col-100 elementor-top-column elementor-element elementor-element-9b1e15c jltma-glass-effect-no\" data-id=\"9b1e15c\" data-element_type=\"column\">\n\t\t\t<div class=\"elementor-widget-wrap\">\n\t\t\t\t\t\t\t<\/div>\n\t\t<\/div>\n\t\t\t\t\t<\/div>\n\t\t<\/section>\n\t\t\t\t<\/div>","protected":false},"excerpt":{"rendered":"<p>PROGRAMME D&rsquo;\u00c9CHANGE DES ELUS LOCAUX ENTRE USA-TUNISIE General Objective Fournir aux responsables politiques tunisiens les outils n\u00e9cessaires pour la mise en place de m\u00e9canismes pour le bon fonctionnement d\u2019une d\u00e9mocratie locale bas\u00e9e sur une approche participative, favorisant ainsi l\u2019\u00e9tablissement d\u2019une bonne relation entre les citoyens et construisant des communaut\u00e9s autonomes ayant le sens de l\u2019int\u00e9r\u00eat g\u00e9n\u00e9ral Objectifs sp\u00e9cifiques Mise en oeuvre imm\u00e9diate des mod\u00e8les de r\u00e9formes politiques au niveau des communes, des municipalit\u00e9s et des r\u00e9gions D\u00e9veloppement de politiques de r\u00e9formes et de proc\u00e9dures relatives \u00e0 la gouvernance locale avec l\u2019objectif de promouvoir le d\u00e9veloppement socio-\u00e9conomique des r\u00e9gions Introduction de mod\u00e8les de partenariats et de coop\u00e9rations public \/ priv\u00e9 pour la croissance \u00e9conomique R\u00e9gions concern\u00e9es Municipalit\u00e9 de Tunis Municipalit\u00e9 de Sfax Municipalit\u00e9 de Dar Cha\u00e2bane \u00e0 Nabeul B\u00e9n\u00e9ficiaires directs et indirects du projet Maires et \u00e9lus municipaux News Seiras More Seiras gestion 22 October 2021 0 Panel sur les questions de l\u2019\u00e9migration \u00e9conomique et les affaires Le professeur Lassaad Jamoussi, directeur du programme Seiras TAMSS en partenariat avec l\u2019UNHCR a pris part au panel organis\u00e9 par l\u2019OIM, le 02 Novembre 2019 \u00e0 la cit\u00e9 de la Seiras gestion 22 October 2021 0 En hommage aux demandeurs d\u2019asile en Tunisie En hommage \u00e0 toutes les personnes qui cherchent asile en Tunisie et \u00e0 l\u2019occasion de la journ\u00e9e mondiale des r\u00e9fugi\u00e9s, TAMSS est fi\u00e8re de son partenariat avec l\u2019UNHCR dans le Seiras 22 October 2021 Inauguration la premi\u00e8re micro-entreprise au profit des r\u00e9fugi\u00e9s Seiras 22 October 2021 Ateliers de d\u00e9veloppement personnel \u00e0 M\u00e9denine pour les r\u00e9fugi\u00e9s Seiras 22 October 2021 Inauguration \u2013 Si\u00e8ge du programme d\u2019insertion \u00e9conomique et sociale des Seiras 22 October 2021 Inauguration du commerce initi\u00e9 en commun entre un promoteur syrien Seiras 22 October 2021 \u0628\u064a\u0627\u0646 \u062a\u0636\u0627\u0645\u0646\u064a \u0645\u0639 \u0627\u0644\u0644\u0627\u062c\u0626\u064a\u0646 \u0648\u0637\u0627\u0644\u0628\u064a \u0627\u0644\u0644\u062c\u0648\u0621. Communiqu\u00e9 de solidarit\u00e9 avec Seiras 23 October 2021 L\u2019appel de TAMSS pour les droits \u00e9conomiques des r\u00e9fugi\u00e9s re\u00e7u Seiras 23 October 2021 \u0645\u0634\u0631\u0648\u0639 \u0627\u062a\u0641\u0627\u0642\u064a\u0629 \u0634\u0631\u0627\u0643\u0629 \u0645\u0639 \u0648\u0632\u0627\u0631\u0629 \u0627\u0644\u0634\u0628\u0627\u0628 \u0648\u0627\u0644\u0631\u064a\u0627\u0636\u0629 \u0627\u0644\u0625\u062f\u0645\u0627\u062c \u0627\u0644\u0645\u0647\u0646\u064a Seiras 23 October 2021 TAMSS et LEONI signent un partenariat strat\u00e9gique<\/p>","protected":false},"author":1,"featured_media":0,"parent":5064,"menu_order":-1,"comment_status":"closed","ping_status":"closed","template":"","meta":{"_exactmetrics_skip_tracking":false,"_exactmetrics_sitenote_active":false,"_exactmetrics_sitenote_note":"","_exactmetrics_sitenote_category":0,"footnotes":""},"class_list":["post-5014","page","type-page","status-publish","hentry","entry"],"_links":{"self":[{"href":"https:\/\/www.tamsstn.org\/en\/wp-json\/wp\/v2\/pages\/5014","targetHints":{"allow":["GET"]}}],"collection":[{"href":"https:\/\/www.tamsstn.org\/en\/wp-json\/wp\/v2\/pages"}],"about":[{"href":"https:\/\/www.tamsstn.org\/en\/wp-json\/wp\/v2\/types\/page"}],"author":[{"embeddable":true,"href":"https:\/\/www.tamsstn.org\/en\/wp-json\/wp\/v2\/users\/1"}],"replies":[{"embeddable":true,"href":"https:\/\/www.tamsstn.org\/en\/wp-json\/wp\/v2\/comments?post=5014"}],"version-history":[{"count":1,"href":"https:\/\/www.tamsstn.org\/en\/wp-json\/wp\/v2\/pages\/5014\/revisions"}],"predecessor-version":[{"id":7506,"href":"https:\/\/www.tamsstn.org\/en\/wp-json\/wp\/v2\/pages\/5014\/revisions\/7506"}],"up":[{"embeddable":true,"href":"https:\/\/www.tamsstn.org\/en\/wp-json\/"}],"wp:attachment":[{"href":"https:\/\/www.tamsstn.org\/en\/wp-json\/wp\/v2\/media?parent=5014"}],"curies":[{"name":"wp","href":"https:\/\/api.w.org\/{rel}","templated":true}]}}