{"id":4991,"date":"2021-11-02T12:23:50","date_gmt":"2021-11-02T11:23:50","guid":{"rendered":"https:\/\/www.tamsstn.org\/?page_id=4991"},"modified":"2022-04-21T12:56:06","modified_gmt":"2022-04-21T10:56:06","slug":"tili-ttilii-leo","status":"publish","type":"page","link":"https:\/\/www.tamsstn.org\/en\/tili-ttilii-leo\/","title":{"rendered":"TILI &#038; TILI-EO"},"content":{"rendered":"<div data-elementor-type=\"wp-page\" data-elementor-id=\"4991\" class=\"elementor elementor-4991\">\n\t\t\t\t\t\t<section class=\"elementor-section elementor-top-section elementor-element elementor-element-49f7f27b elementor-section-items-top elementor-section-height-min-height elementor-section-boxed elementor-section-height-default wpr-particle-no wpr-jarallax-no wpr-parallax-no wpr-sticky-section-no jltma-glass-effect-no\" data-id=\"49f7f27b\" data-element_type=\"section\" data-settings=\"{&quot;background_background&quot;:&quot;classic&quot;}\">\n\t\t\t\t\t\t<div class=\"elementor-container elementor-column-gap-default\">\n\t\t\t\t\t<div class=\"elementor-column elementor-col-100 elementor-top-column elementor-element elementor-element-7e00b021 jltma-glass-effect-no\" data-id=\"7e00b021\" data-element_type=\"column\">\n\t\t\t<div class=\"elementor-widget-wrap elementor-element-populated\">\n\t\t\t\t\t\t\t<\/div>\n\t\t<\/div>\n\t\t\t\t\t<\/div>\n\t\t<\/section>\n\t\t\t\t<section class=\"elementor-section elementor-top-section elementor-element elementor-element-7d674e95 elementor-section-boxed elementor-section-height-default elementor-section-height-default wpr-particle-no wpr-jarallax-no wpr-parallax-no wpr-sticky-section-no jltma-glass-effect-no\" data-id=\"7d674e95\" data-element_type=\"section\">\n\t\t\t\t\t\t<div class=\"elementor-container elementor-column-gap-no\">\n\t\t\t\t\t<div class=\"elementor-column elementor-col-50 elementor-top-column elementor-element elementor-element-21138553 jltma-glass-effect-no\" data-id=\"21138553\" data-element_type=\"column\">\n\t\t\t<div class=\"elementor-widget-wrap elementor-element-populated\">\n\t\t\t\t\t\t<div class=\"elementor-element elementor-element-482e8758 jltma-glass-effect-no elementor-widget elementor-widget-heading\" data-id=\"482e8758\" data-element_type=\"widget\" data-widget_type=\"heading.default\">\n\t\t\t\t<div class=\"elementor-widget-container\">\n\t\t\t\t\t<h3 class=\"elementor-heading-title elementor-size-large\">Description<\/h3>\t\t\t\t<\/div>\n\t\t\t\t<\/div>\n\t\t\t\t<div class=\"elementor-element elementor-element-350fb11c jltma-glass-effect-no elementor-widget elementor-widget-text-editor\" data-id=\"350fb11c\" data-element_type=\"widget\" data-widget_type=\"text-editor.default\">\n\t\t\t\t<div class=\"elementor-widget-container\">\n\t\t\t\t\t\t\t\t\t<p class=\"p1\">TILI et ensuite TILI- EO vise \u00e0 cr\u00e9er un cadre juridique et \u00e9conomique plus inclusif pour les travailleurs tunisiens informels pour qu&rsquo;ils puissent acc\u00e9der \u00e0 un travail d\u00e9cent et aux protections o\u00a0\u00bbertes par le gouvernement.<\/p><p class=\"p1\">L\u2019objectif du programme est d\u2019appuyer le gouvernement tunisien \u00e0 mettre en oeuvre son objectif strat\u00e9gique de formalisation<\/p>\t\t\t\t\t\t\t\t<\/div>\n\t\t\t\t<\/div>\n\t\t\t\t\t<\/div>\n\t\t<\/div>\n\t\t\t\t<div class=\"elementor-column elementor-col-50 elementor-top-column elementor-element elementor-element-5bd218be jltma-glass-effect-no\" data-id=\"5bd218be\" data-element_type=\"column\">\n\t\t\t<div class=\"elementor-widget-wrap elementor-element-populated\">\n\t\t\t\t\t\t<div class=\"elementor-element elementor-element-2a05a6c0 elementor-widget-divider--view-line jltma-glass-effect-no elementor-widget elementor-widget-divider\" data-id=\"2a05a6c0\" data-element_type=\"widget\" data-widget_type=\"divider.default\">\n\t\t\t\t<div class=\"elementor-widget-container\">\n\t\t\t\t\t\t\t<div class=\"elementor-divider\">\n\t\t\t<span class=\"elementor-divider-separator\">\n\t\t\t\t\t\t<\/span>\n\t\t<\/div>\n\t\t\t\t\t\t<\/div>\n\t\t\t\t<\/div>\n\t\t\t\t\t<\/div>\n\t\t<\/div>\n\t\t\t\t\t<\/div>\n\t\t<\/section>\n\t\t\t\t<section class=\"elementor-section elementor-top-section elementor-element elementor-element-67bd6a9b elementor-section-boxed elementor-section-height-default elementor-section-height-default wpr-particle-no wpr-jarallax-no wpr-parallax-no wpr-sticky-section-no jltma-glass-effect-no\" data-id=\"67bd6a9b\" data-element_type=\"section\" data-settings=\"{&quot;background_background&quot;:&quot;classic&quot;}\">\n\t\t\t\t\t\t\t<div class=\"elementor-background-overlay\"><\/div>\n\t\t\t\t\t\t\t<div class=\"elementor-container elementor-column-gap-default\">\n\t\t\t\t\t<div class=\"elementor-column elementor-col-100 elementor-top-column elementor-element elementor-element-1f8c1d4e jltma-glass-effect-no\" data-id=\"1f8c1d4e\" data-element_type=\"column\" data-settings=\"{&quot;background_background&quot;:&quot;classic&quot;}\">\n\t\t\t<div class=\"elementor-widget-wrap elementor-element-populated\">\n\t\t\t\t\t<div class=\"elementor-background-overlay\"><\/div>\n\t\t\t\t\t\t<section class=\"elementor-section elementor-inner-section elementor-element elementor-element-2aefa5a3 elementor-section-full_width elementor-section-height-default elementor-section-height-default wpr-particle-no wpr-jarallax-no wpr-parallax-no wpr-sticky-section-no jltma-glass-effect-no\" data-id=\"2aefa5a3\" data-element_type=\"section\" data-settings=\"{&quot;background_background&quot;:&quot;gradient&quot;}\">\n\t\t\t\t\t\t<div class=\"elementor-container elementor-column-gap-no\">\n\t\t\t\t\t<article class=\"elementor-column elementor-col-100 elementor-inner-column elementor-element elementor-element-5e61444a jltma-glass-effect-no\" data-id=\"5e61444a\" data-element_type=\"column\" data-settings=\"{&quot;background_background&quot;:&quot;classic&quot;}\">\n\t\t\t<div class=\"elementor-widget-wrap elementor-element-populated\">\n\t\t\t\t\t\t<div class=\"elementor-element elementor-element-6cd778e7 jltma-glass-effect-no elementor-widget elementor-widget-heading\" data-id=\"6cd778e7\" data-element_type=\"widget\" data-widget_type=\"heading.default\">\n\t\t\t\t<div class=\"elementor-widget-container\">\n\t\t\t\t\t<h3 class=\"elementor-heading-title elementor-size-large\">Objectives<\/h3>\t\t\t\t<\/div>\n\t\t\t\t<\/div>\n\t\t\t\t<div class=\"elementor-element elementor-element-4b23ce7e jltma-glass-effect-no elementor-widget elementor-widget-text-editor\" data-id=\"4b23ce7e\" data-element_type=\"widget\" data-widget_type=\"text-editor.default\">\n\t\t\t\t<div class=\"elementor-widget-container\">\n\t\t\t\t\t\t\t\t\t<p class=\"p1\">The Tunisian government creates new policies, incentives and mechanisms to support formalization<\/p><p class=\"p1\">Government and civil society have improved capacity and skills to support informal workers in navigating the formalization process<\/p><p class=\"p1\">Public knowledge and engagement on formalization is increased<\/p>\t\t\t\t\t\t\t\t<\/div>\n\t\t\t\t<\/div>\n\t\t\t\t\t<\/div>\n\t\t<\/article>\n\t\t\t\t\t<\/div>\n\t\t<\/section>\n\t\t\t\t\t<\/div>\n\t\t<\/div>\n\t\t\t\t\t<\/div>\n\t\t<\/section>\n\t\t\t\t<section class=\"elementor-section elementor-top-section elementor-element elementor-element-17e64d25 elementor-section-content-middle elementor-section-full_width elementor-reverse-mobile elementor-section-height-default elementor-section-height-default wpr-particle-no wpr-jarallax-no wpr-parallax-no wpr-sticky-section-no jltma-glass-effect-no\" data-id=\"17e64d25\" data-element_type=\"section\" data-settings=\"{&quot;background_background&quot;:&quot;none&quot;}\">\n\t\t\t\t\t\t<div class=\"elementor-container elementor-column-gap-no\">\n\t\t\t\t\t<div class=\"elementor-column elementor-col-100 elementor-top-column elementor-element elementor-element-2c747049 jltma-glass-effect-no\" data-id=\"2c747049\" data-element_type=\"column\" data-settings=\"{&quot;background_background&quot;:&quot;gradient&quot;}\">\n\t\t\t<div class=\"elementor-widget-wrap elementor-element-populated\">\n\t\t\t\t\t\t<div class=\"elementor-element elementor-element-71f348e jltma-glass-effect-no elementor-widget elementor-widget-heading\" data-id=\"71f348e\" data-element_type=\"widget\" data-widget_type=\"heading.default\">\n\t\t\t\t<div class=\"elementor-widget-container\">\n\t\t\t\t\t<h2 class=\"elementor-heading-title elementor-size-default\">Expected outcomes<\/h2>\t\t\t\t<\/div>\n\t\t\t\t<\/div>\n\t\t\t\t<div class=\"elementor-element elementor-element-189920c0 jltma-glass-effect-no elementor-invisible elementor-widget elementor-widget-icon-box\" data-id=\"189920c0\" data-element_type=\"widget\" data-settings=\"{&quot;_animation&quot;:&quot;fadeIn&quot;}\" data-widget_type=\"icon-box.default\">\n\t\t\t\t<div class=\"elementor-widget-container\">\n\t\t\t\t\t\t\t<div class=\"elementor-icon-box-wrapper\">\n\n\t\t\t\n\t\t\t\t\t\t<div class=\"elementor-icon-box-content\">\n\n\t\t\t\t\n\t\t\t\t\t\t\t\t\t<p class=\"elementor-icon-box-description\">\n\t\t\t\t\t\tNew policies to support self-entrepreneurs and the transition to the formal sector passed in Parliament.\nThree sector-specific strategies for the handicraft sector, the waste collection sector, and the service sector\nare elaborated\nInstitutionalization of services to support informal workers and entrepreneurs in navigating the formalization\nprocess, 10 One-Stop-Windows set up with the Ministry of Employment\n375 informal workers formalize their activities\nInstitutionalization of data collection on the informal sector\nLocal solutions to informality developed through dialogues between local authorities and informal worker groups\t\t\t\t\t<\/p>\n\t\t\t\t\n\t\t\t<\/div>\n\t\t\t\n\t\t<\/div>\n\t\t\t\t\t\t<\/div>\n\t\t\t\t<\/div>\n\t\t\t\t\t<\/div>\n\t\t<\/div>\n\t\t\t\t\t<\/div>\n\t\t<\/section>\n\t\t\t\t<section class=\"elementor-section elementor-top-section elementor-element elementor-element-0150039 elementor-section-boxed elementor-section-height-default elementor-section-height-default wpr-particle-no wpr-jarallax-no wpr-parallax-no wpr-sticky-section-no jltma-glass-effect-no\" data-id=\"0150039\" data-element_type=\"section\">\n\t\t\t\t\t\t<div class=\"elementor-container elementor-column-gap-default\">\n\t\t\t\t\t<div class=\"elementor-column elementor-col-100 elementor-top-column elementor-element elementor-element-9b1e15c jltma-glass-effect-no\" data-id=\"9b1e15c\" data-element_type=\"column\">\n\t\t\t<div class=\"elementor-widget-wrap\">\n\t\t\t\t\t\t\t<\/div>\n\t\t<\/div>\n\t\t\t\t\t<\/div>\n\t\t<\/section>\n\t\t\t\t<\/div>","protected":false},"excerpt":{"rendered":"<p>Description du projet (Depuis 2012) TILI et ensuite TILI- EO vise \u00e0 cr\u00e9er un cadre juridique et \u00e9conomique plus inclusif pour les travailleurs tunisiens informels pour qu&rsquo;ils puissent acc\u00e9der \u00e0 un travail d\u00e9cent et aux protections o\u00a0\u00bbertes par le gouvernement. L\u2019objectif du programme est d\u2019appuyer le gouvernement tunisien \u00e0 mettre en oeuvre son objectif strat\u00e9gique de formalisation Objectifs Soutenir le gouvernement tunisien dans la cr\u00e9ation de nouvelles politiques, incitations et m\u00e9canismes pour soutenir la formalisation Contribuer \u00e0 am\u00e9liorer les capacit\u00e9s et comp\u00e9tences du gouvernement et de la soci\u00e9t\u00e9 civile pour soutenir les travailleurs informels dans leur processus de formalisation Am\u00e9liorer les connaissances et l\u2019engagement public en mati\u00e8re de formalisation R\u00e9sultats Promulgation par l&rsquo;Etat tunisien de nouvelles mesures juridique visant \u00e0 favoriser l\u2019auto-entrepreneuriat et le processus de formalisation: (projet de loi en cours). Trois strat\u00e9gies sectorielles sp\u00e9ci#ques aux secteurs de l&rsquo;artisanat, de la collecte des d\u00e9chets et des services sont \u00e9labor\u00e9es Les services pour soutenir les travailleurs informels et les entrepreneurs dans la transition vers le processus de formalisation sont institutionnalis\u00e9s, 10 guichets uniques sont mis en place avec le minist\u00e8re de l&rsquo;Emploi. 375 travailleurs informels ont formalis\u00e9 leurs activit\u00e9s. La collecte de donn\u00e9es sur le secteur informel est institutionnalis\u00e9e Des solutions locales \u00e0 l\u2019informalit\u00e9 sont d\u00e9velopp\u00e9es \u00e0 travers des sessions de dialogue entre les autorit\u00e9s locales et des groupes de travailleurs informels. News Tili More TAMSS gestion 23 October 2021 0 Nouvelle grande victoire de la soci\u00e9t\u00e9 civile gr\u00e2ce \u00e0 la Le projet de d\u00e9cret-loi sur le statut de l\u2019auto-entrepreneur adopt\u00e9 par le Gouvernement Le programme TILI (Tunisia Inclusive Labor Initiative),&nbsp; mis en \u0153uvre en Tunisie par TAMSS&nbsp; en partenariat avec<\/p>","protected":false},"author":1,"featured_media":0,"parent":5064,"menu_order":0,"comment_status":"closed","ping_status":"closed","template":"","meta":{"_exactmetrics_skip_tracking":false,"_exactmetrics_sitenote_active":false,"_exactmetrics_sitenote_note":"","_exactmetrics_sitenote_category":0,"footnotes":""},"class_list":["post-4991","page","type-page","status-publish","hentry","entry"],"_links":{"self":[{"href":"https:\/\/www.tamsstn.org\/en\/wp-json\/wp\/v2\/pages\/4991","targetHints":{"allow":["GET"]}}],"collection":[{"href":"https:\/\/www.tamsstn.org\/en\/wp-json\/wp\/v2\/pages"}],"about":[{"href":"https:\/\/www.tamsstn.org\/en\/wp-json\/wp\/v2\/types\/page"}],"author":[{"embeddable":true,"href":"https:\/\/www.tamsstn.org\/en\/wp-json\/wp\/v2\/users\/1"}],"replies":[{"embeddable":true,"href":"https:\/\/www.tamsstn.org\/en\/wp-json\/wp\/v2\/comments?post=4991"}],"version-history":[{"count":1,"href":"https:\/\/www.tamsstn.org\/en\/wp-json\/wp\/v2\/pages\/4991\/revisions"}],"predecessor-version":[{"id":7505,"href":"https:\/\/www.tamsstn.org\/en\/wp-json\/wp\/v2\/pages\/4991\/revisions\/7505"}],"up":[{"embeddable":true,"href":"https:\/\/www.tamsstn.org\/en\/wp-json\/"}],"wp:attachment":[{"href":"https:\/\/www.tamsstn.org\/en\/wp-json\/wp\/v2\/media?parent=4991"}],"curies":[{"name":"wp","href":"https:\/\/api.w.org\/{rel}","templated":true}]}}