{"id":7032,"date":"2022-02-28T15:09:00","date_gmt":"2022-02-28T14:09:00","guid":{"rendered":"https:\/\/www.tamsstn.org\/?page_id=7032"},"modified":"2025-01-30T14:06:10","modified_gmt":"2025-01-30T13:06:10","slug":"idmej","status":"publish","type":"page","link":"http:\/\/www.tamsstn.org\/en\/idmej\/","title":{"rendered":"IDMEJ"},"content":{"rendered":"<div data-elementor-type=\"wp-page\" data-elementor-id=\"7032\" class=\"elementor elementor-7032\">\n\t\t\t\t\t\t<section class=\"elementor-section elementor-top-section elementor-element elementor-element-5abe9c21 elementor-section-height-min-height elementor-section-full_width elementor-section-stretched elementor-section-height-default elementor-section-items-middle wpr-particle-no wpr-jarallax-no wpr-parallax-no wpr-sticky-section-no jltma-glass-effect-no\" data-id=\"5abe9c21\" data-element_type=\"section\" data-settings=\"{&quot;background_background&quot;:&quot;video&quot;,&quot;background_video_link&quot;:&quot;https:\\\/\\\/www.youtube.com\\\/watch?v=kTqzIE4LZ5k&quot;,&quot;stretch_section&quot;:&quot;section-stretched&quot;}\">\n\t\t\t\t\t\t\t\t<div class=\"elementor-background-video-container elementor-hidden-mobile\" aria-hidden=\"true\">\n\t\t\t\t\t\t\t\t\t\t\t\t\t<div class=\"elementor-background-video-embed\"><\/div>\n\t\t\t\t\t\t\t\t\t\t\t\t<\/div>\n\t\t\t\t\t\t\t\t\t<div class=\"elementor-background-overlay\"><\/div>\n\t\t\t\t\t\t\t<div class=\"elementor-container elementor-column-gap-default\">\n\t\t\t\t\t<div class=\"elementor-column elementor-col-100 elementor-top-column elementor-element elementor-element-6243fe83 jltma-glass-effect-no\" data-id=\"6243fe83\" data-element_type=\"column\" data-settings=\"{&quot;background_background&quot;:&quot;classic&quot;}\">\n\t\t\t<div class=\"elementor-widget-wrap elementor-element-populated\">\n\t\t\t\t\t<div class=\"elementor-background-overlay\"><\/div>\n\t\t\t\t\t\t<div class=\"elementor-element elementor-element-489458f3 jltma-glass-effect-no elementor-widget elementor-widget-video\" data-id=\"489458f3\" data-element_type=\"widget\" data-settings=\"{&quot;autoplay&quot;:&quot;yes&quot;,&quot;mute&quot;:&quot;yes&quot;,&quot;play_on_mobile&quot;:&quot;yes&quot;,&quot;loop&quot;:&quot;yes&quot;,&quot;video_type&quot;:&quot;vimeo&quot;}\" data-widget_type=\"video.default\">\n\t\t\t\t<div class=\"elementor-widget-container\">\n\t\t\t\t\t\t\t<div class=\"elementor-wrapper elementor-open-inline\">\n\t\t\t<iframe class=\"elementor-video-iframe\" allowfullscreen allow=\"autoplay\" title=\"Lecteur vid\u00e9o vimeo\" src=\"https:\/\/player.vimeo.com\/video\/673089340?autoplay=1&amp;playsinline=1&amp;color&amp;autopause=0&amp;loop=1&amp;muted=1&amp;title=1&amp;portrait=1&amp;byline=1#t=\"><\/iframe>\t\t<\/div>\n\t\t\t\t\t\t<\/div>\n\t\t\t\t<\/div>\n\t\t\t\t\t<\/div>\n\t\t<\/div>\n\t\t\t\t\t<\/div>\n\t\t<\/section>\n\t\t\t\t<section class=\"elementor-section elementor-top-section elementor-element elementor-element-db96624 elementor-section-content-middle elementor-section-boxed elementor-section-height-default elementor-section-height-default wpr-particle-no wpr-jarallax-no wpr-parallax-no wpr-sticky-section-no jltma-glass-effect-no\" data-id=\"db96624\" data-element_type=\"section\">\n\t\t\t\t\t\t<div class=\"elementor-container elementor-column-gap-no\">\n\t\t\t\t\t<div class=\"elementor-column elementor-col-100 elementor-top-column elementor-element elementor-element-6187f2f7 jltma-glass-effect-no\" data-id=\"6187f2f7\" data-element_type=\"column\">\n\t\t\t<div class=\"elementor-widget-wrap elementor-element-populated\">\n\t\t\t\t\t\t<div class=\"elementor-element elementor-element-a1f57dc jltma-glass-effect-no elementor-widget elementor-widget-spacer\" data-id=\"a1f57dc\" data-element_type=\"widget\" data-widget_type=\"spacer.default\">\n\t\t\t\t<div class=\"elementor-widget-container\">\n\t\t\t\t\t\t\t<div class=\"elementor-spacer\">\n\t\t\t<div class=\"elementor-spacer-inner\"><\/div>\n\t\t<\/div>\n\t\t\t\t\t\t<\/div>\n\t\t\t\t<\/div>\n\t\t\t\t<div class=\"elementor-element elementor-element-75d21451 jltma-glass-effect-no elementor-widget elementor-widget-heading\" data-id=\"75d21451\" data-element_type=\"widget\" data-widget_type=\"heading.default\">\n\t\t\t\t<div class=\"elementor-widget-container\">\n\t\t\t\t\t<h4 class=\"elementor-heading-title elementor-size-default\">IDMEJ <\/h4>\t\t\t\t<\/div>\n\t\t\t\t<\/div>\n\t\t\t\t<div class=\"elementor-element elementor-element-6b59e44 jltma-glass-effect-no elementor-widget elementor-widget-heading\" data-id=\"6b59e44\" data-element_type=\"widget\" data-widget_type=\"heading.default\">\n\t\t\t\t<div class=\"elementor-widget-container\">\n\t\t\t\t\t<h4 class=\"elementor-heading-title elementor-size-default\">Tunisia supports the Inclusion of Vulnerable Communities\n <\/h4>\t\t\t\t<\/div>\n\t\t\t\t<\/div>\n\t\t\t\t<section class=\"elementor-section elementor-inner-section elementor-element elementor-element-5c3300ed elementor-section-content-middle elementor-section-boxed elementor-section-height-default elementor-section-height-default wpr-particle-no wpr-jarallax-no wpr-parallax-no wpr-sticky-section-no jltma-glass-effect-no\" data-id=\"5c3300ed\" data-element_type=\"section\">\n\t\t\t\t\t\t<div class=\"elementor-container elementor-column-gap-no\">\n\t\t\t\t\t<div class=\"elementor-column elementor-col-100 elementor-inner-column elementor-element elementor-element-9925f3d jltma-glass-effect-no\" data-id=\"9925f3d\" data-element_type=\"column\">\n\t\t\t<div class=\"elementor-widget-wrap\">\n\t\t\t\t\t\t\t<\/div>\n\t\t<\/div>\n\t\t\t\t\t<\/div>\n\t\t<\/section>\n\t\t\t\t<section class=\"elementor-section elementor-inner-section elementor-element elementor-element-dfafbf8 elementor-section-content-middle elementor-section-boxed elementor-section-height-default elementor-section-height-default wpr-particle-no wpr-jarallax-no wpr-parallax-no wpr-sticky-section-no jltma-glass-effect-no\" data-id=\"dfafbf8\" data-element_type=\"section\">\n\t\t\t\t\t\t<div class=\"elementor-container elementor-column-gap-no\">\n\t\t\t\t\t<div class=\"elementor-column elementor-col-100 elementor-inner-column elementor-element elementor-element-7887005 jltma-glass-effect-no\" data-id=\"7887005\" data-element_type=\"column\">\n\t\t\t<div class=\"elementor-widget-wrap elementor-element-populated\">\n\t\t\t\t\t\t<div class=\"elementor-element elementor-element-8805825 jltma-glass-effect-no elementor-widget elementor-widget-text-editor\" data-id=\"8805825\" data-element_type=\"widget\" data-widget_type=\"text-editor.default\">\n\t\t\t\t<div class=\"elementor-widget-container\">\n\t\t\t\t\t\t\t\t\t<p>En partenariat avec Humanit\u00e9 &amp; Inclusion (mieux connu sous Handicap International), le projet IDMEJ\u00a0vise l&rsquo;autonomisation et la protection des victimes de violences bas\u00e9es sur le genre et les personnes handicap\u00e9es en Tunisie\u00a0 afin qu&rsquo;elles puissent exercer leurs droits, en promouvant des r\u00e9formes sociales et institutionnelles favorables \u00e0 leur inclusion.<\/p>\t\t\t\t\t\t\t\t<\/div>\n\t\t\t\t<\/div>\n\t\t\t\t\t<\/div>\n\t\t<\/div>\n\t\t\t\t\t<\/div>\n\t\t<\/section>\n\t\t\t\t<section class=\"elementor-section elementor-inner-section elementor-element elementor-element-43be667b elementor-section-content-middle elementor-section-boxed elementor-section-height-default elementor-section-height-default wpr-particle-no wpr-jarallax-no wpr-parallax-no wpr-sticky-section-no jltma-glass-effect-no\" data-id=\"43be667b\" data-element_type=\"section\">\n\t\t\t\t\t\t<div class=\"elementor-container elementor-column-gap-no\">\n\t\t\t\t\t<div class=\"elementor-column elementor-col-50 elementor-inner-column elementor-element elementor-element-2ee4aea3 jltma-glass-effect-no\" data-id=\"2ee4aea3\" data-element_type=\"column\">\n\t\t\t<div class=\"elementor-widget-wrap elementor-element-populated\">\n\t\t\t\t\t\t<div class=\"elementor-element elementor-element-3aaa0c6c elementor-position-top jltma-glass-effect-no elementor-widget elementor-widget-image-box\" data-id=\"3aaa0c6c\" data-element_type=\"widget\" data-widget_type=\"image-box.default\">\n\t\t\t\t<div class=\"elementor-widget-container\">\n\t\t\t\t\t<div class=\"elementor-image-box-wrapper\"><figure class=\"elementor-image-box-img\"><img fetchpriority=\"high\" decoding=\"async\" width=\"1024\" height=\"768\" src=\"https:\/\/www.tamsstn.org\/wp-content\/uploads\/2025\/01\/IMG-20231219-WA0000-1024x768.jpg\" class=\"attachment-large size-large wp-image-9212\" alt=\"\" title=\"\" srcset=\"https:\/\/www.tamsstn.org\/wp-content\/uploads\/2025\/01\/IMG-20231219-WA0000-1024x768.jpg 1024w, https:\/\/www.tamsstn.org\/wp-content\/uploads\/2025\/01\/IMG-20231219-WA0000-300x225.jpg 300w, https:\/\/www.tamsstn.org\/wp-content\/uploads\/2025\/01\/IMG-20231219-WA0000-768x576.jpg 768w, https:\/\/www.tamsstn.org\/wp-content\/uploads\/2025\/01\/IMG-20231219-WA0000-16x12.jpg 16w, https:\/\/www.tamsstn.org\/wp-content\/uploads\/2025\/01\/IMG-20231219-WA0000.jpg 1280w\" sizes=\"(max-width: 1024px) 100vw, 1024px\" \/><\/figure><\/div>\t\t\t\t<\/div>\n\t\t\t\t<\/div>\n\t\t\t\t\t<\/div>\n\t\t<\/div>\n\t\t\t\t<div class=\"elementor-column elementor-col-50 elementor-inner-column elementor-element elementor-element-6fd859f6 jltma-glass-effect-no\" data-id=\"6fd859f6\" data-element_type=\"column\">\n\t\t\t<div class=\"elementor-widget-wrap elementor-element-populated\">\n\t\t\t\t\t\t<div class=\"elementor-element elementor-element-51758b77 elementor-position-top jltma-glass-effect-no elementor-widget elementor-widget-image-box\" data-id=\"51758b77\" data-element_type=\"widget\" data-widget_type=\"image-box.default\">\n\t\t\t\t<div class=\"elementor-widget-container\">\n\t\t\t\t\t<div class=\"elementor-image-box-wrapper\"><figure class=\"elementor-image-box-img\"><img decoding=\"async\" width=\"4000\" height=\"3000\" src=\"https:\/\/www.tamsstn.org\/wp-content\/uploads\/2025\/01\/20240628_163956.jpg\" class=\"attachment-full size-full wp-image-9214\" alt=\"\" title=\"\" srcset=\"https:\/\/www.tamsstn.org\/wp-content\/uploads\/2025\/01\/20240628_163956.jpg 4000w, https:\/\/www.tamsstn.org\/wp-content\/uploads\/2025\/01\/20240628_163956-300x225.jpg 300w, https:\/\/www.tamsstn.org\/wp-content\/uploads\/2025\/01\/20240628_163956-1024x768.jpg 1024w, https:\/\/www.tamsstn.org\/wp-content\/uploads\/2025\/01\/20240628_163956-768x576.jpg 768w, https:\/\/www.tamsstn.org\/wp-content\/uploads\/2025\/01\/20240628_163956-1536x1152.jpg 1536w, https:\/\/www.tamsstn.org\/wp-content\/uploads\/2025\/01\/20240628_163956-2048x1536.jpg 2048w, https:\/\/www.tamsstn.org\/wp-content\/uploads\/2025\/01\/20240628_163956-16x12.jpg 16w\" sizes=\"(max-width: 4000px) 100vw, 4000px\" \/><\/figure><\/div>\t\t\t\t<\/div>\n\t\t\t\t<\/div>\n\t\t\t\t\t<\/div>\n\t\t<\/div>\n\t\t\t\t\t<\/div>\n\t\t<\/section>\n\t\t\t\t\t<\/div>\n\t\t<\/div>\n\t\t\t\t\t<\/div>\n\t\t<\/section>\n\t\t\t\t<section class=\"elementor-section elementor-inner-section elementor-element elementor-element-467f7904 elementor-section-content-middle elementor-section-boxed elementor-section-height-default elementor-section-height-default wpr-particle-no wpr-jarallax-no wpr-parallax-no wpr-sticky-section-no jltma-glass-effect-no\" data-id=\"467f7904\" data-element_type=\"section\">\n\t\t\t\t\t\t<div class=\"elementor-container elementor-column-gap-no\">\n\t\t\t\t\t<div class=\"elementor-column elementor-col-100 elementor-inner-column elementor-element elementor-element-2a20b7fe jltma-glass-effect-no\" data-id=\"2a20b7fe\" data-element_type=\"column\">\n\t\t\t<div class=\"elementor-widget-wrap elementor-element-populated\">\n\t\t\t\t\t\t<div class=\"elementor-element elementor-element-4c344791 jltma-glass-effect-no elementor-widget elementor-widget-text-editor\" data-id=\"4c344791\" data-element_type=\"widget\" data-widget_type=\"text-editor.default\">\n\t\t\t\t<div class=\"elementor-widget-container\">\n\t\t\t\t\t\t\t\t\t<h1><b>The project's objectives :<\/b><\/h1><p>\u2022 To improve the journey of victims of GBV, ensure universal access to rights and strengthen support services.<br \/>\u2022 Objectif\u00a02\u00a0: Am\u00e9liorer l&rsquo;acc\u00e8s aux syst\u00e8mes de protection sociale pour les personnes handicap\u00e9es gr\u00e2ce au d\u00e9ploiement de syst\u00e8mes d&rsquo;identification, d&rsquo;enregistrement et de suivi efficaces et inclusifs, conform\u00e9ment aux meilleures pratiques internationales<br \/>\u2022 Through GBV prevention, awareness raising, and advocacy, promote a protective and inclusive legal environment and framework for GBV survivors and persons with disabilities.<\/p><h1><b>TAMSS activities under the IDMEJ program:\u00a0<\/b><\/h1><p>\u2022 Contribute to the long-term viability of 23 selected centres for women victims of violence (FVV) and victims of gender-based violence (GBV) in general<br \/>\u2022 Renforcer l&rsquo;Observatoire national pour la pr\u00e9vention de la violence \u00e0 l&rsquo;\u00e9gard des femmes (NOPVW) afin de fournir et de maintenir \u00e0 jour les donn\u00e9es compl\u00e8tes n\u00e9cessaires pour soutenir les activit\u00e9s de\u00a0 plaidoyer, la planification, la mise en \u0153uvre et le suivi et \u00e9valuation\u00a0des interventions<br \/>\u2022 Popularise GBV case management protocols in order to promote a comprehensive and well-coordinated response to GBV among Ministry entities, basic services, and frontline support actors across the 24 governorates<br \/>\u2022 D\u00e9velopper un support d&rsquo;aide juridique pour les victimes de VBG<br \/>\u2022 Campagnes de plaidoyer men\u00e9es pour l&rsquo;int\u00e9gration des dispositions de la Commission r\u00e9gionales de lutte contre les violences\u00a0<br \/>\u2022 Encourage civil society organisations to conduct regional awareness campaigns<br \/>\u2022 Engager et former 40 ambassadeurs, c&rsquo;est-\u00e0-dire des leaders d&rsquo;opinion, des chefs religieux, des journalistes, pour mener une sensibilisation contre les st\u00e9r\u00e9otypes de genre et de handicap au niveau local<br \/>\u2022 Conduct large-scale awareness campaigns about women's and people with disabilities' rights, as well as the protections provided by anti-discrimination laws<\/p><p>\u00a0<\/p>\t\t\t\t\t\t\t\t<\/div>\n\t\t\t\t<\/div>\n\t\t\t\t\t<\/div>\n\t\t<\/div>\n\t\t\t\t\t<\/div>\n\t\t<\/section>\n\t\t\t\t<section class=\"elementor-section elementor-top-section elementor-element elementor-element-5d3b12d elementor-section-boxed elementor-section-height-default elementor-section-height-default wpr-particle-no wpr-jarallax-no wpr-parallax-no wpr-sticky-section-no jltma-glass-effect-no\" data-id=\"5d3b12d\" data-element_type=\"section\">\n\t\t\t\t\t\t<div class=\"elementor-container elementor-column-gap-default\">\n\t\t\t\t\t<div class=\"elementor-column elementor-col-100 elementor-top-column elementor-element elementor-element-23c13e2 jltma-glass-effect-no\" data-id=\"23c13e2\" data-element_type=\"column\">\n\t\t\t<div class=\"elementor-widget-wrap\">\n\t\t\t\t\t\t\t<\/div>\n\t\t<\/div>\n\t\t\t\t\t<\/div>\n\t\t<\/section>\n\t\t\t\t<section class=\"elementor-section elementor-top-section elementor-element elementor-element-284f5c4c elementor-section-content-middle elementor-section-boxed elementor-section-height-default elementor-section-height-default wpr-particle-no wpr-jarallax-no wpr-parallax-no wpr-sticky-section-no jltma-glass-effect-no\" data-id=\"284f5c4c\" data-element_type=\"section\" data-settings=\"{&quot;background_background&quot;:&quot;classic&quot;}\">\n\t\t\t\t\t\t<div class=\"elementor-container elementor-column-gap-no\">\n\t\t\t\t\t<div class=\"elementor-column elementor-col-100 elementor-top-column elementor-element elementor-element-46597d5c jltma-glass-effect-no\" data-id=\"46597d5c\" data-element_type=\"column\">\n\t\t\t<div class=\"elementor-widget-wrap elementor-element-populated\">\n\t\t\t\t\t\t<div class=\"elementor-element elementor-element-7105839d jltma-glass-effect-no elementor-widget elementor-widget-heading\" data-id=\"7105839d\" data-element_type=\"widget\" data-widget_type=\"heading.default\">\n\t\t\t\t<div class=\"elementor-widget-container\">\n\t\t\t\t\t<h4 class=\"elementor-heading-title elementor-size-default\">JOIN US<\/h4>\t\t\t\t<\/div>\n\t\t\t\t<\/div>\n\t\t\t\t<section class=\"elementor-section elementor-inner-section elementor-element elementor-element-40f08256 elementor-section-content-middle elementor-section-boxed elementor-section-height-default elementor-section-height-default wpr-particle-no wpr-jarallax-no wpr-parallax-no wpr-sticky-section-no jltma-glass-effect-no\" data-id=\"40f08256\" data-element_type=\"section\">\n\t\t\t\t\t\t<div class=\"elementor-container elementor-column-gap-default\">\n\t\t\t\t\t<div class=\"elementor-column elementor-col-33 elementor-inner-column elementor-element elementor-element-11acb68d jltma-glass-effect-no\" data-id=\"11acb68d\" data-element_type=\"column\">\n\t\t\t<div class=\"elementor-widget-wrap elementor-element-populated\">\n\t\t\t\t\t\t<div class=\"elementor-element elementor-element-3208b5fa jltma-glass-effect-no elementor-widget elementor-widget-image\" data-id=\"3208b5fa\" data-element_type=\"widget\" data-widget_type=\"image.default\">\n\t\t\t\t<div class=\"elementor-widget-container\">\n\t\t\t\t\t\t\t\t\t\t\t\t\t\t\t<img decoding=\"async\" width=\"1024\" height=\"404\" src=\"https:\/\/www.tamsstn.org\/wp-content\/uploads\/2023\/01\/Fichier-21080.png\" class=\"attachment-large size-large wp-image-8384\" alt=\"\" title=\"\">\t\t\t\t\t\t\t\t\t\t\t\t\t\t\t<\/div>\n\t\t\t\t<\/div>\n\t\t\t\t<div class=\"elementor-element elementor-element-6c4166e jltma-glass-effect-no elementor-widget elementor-widget-text-editor\" data-id=\"6c4166e\" data-element_type=\"widget\" data-widget_type=\"text-editor.default\">\n\t\t\t\t<div class=\"elementor-widget-container\">\n\t\t\t\t\t\t\t\t\t<p>9, rue des Pommes El Manar 2092 Tunis, Tunisie.<\/p><p>71 885 344<\/p>\t\t\t\t\t\t\t\t<\/div>\n\t\t\t\t<\/div>\n\t\t\t\t<div class=\"elementor-element elementor-element-7ef7023c jltma-glass-effect-no elementor-widget elementor-widget-spacer\" data-id=\"7ef7023c\" data-element_type=\"widget\" data-widget_type=\"spacer.default\">\n\t\t\t\t<div class=\"elementor-widget-container\">\n\t\t\t\t\t\t\t<div class=\"elementor-spacer\">\n\t\t\t<div class=\"elementor-spacer-inner\"><\/div>\n\t\t<\/div>\n\t\t\t\t\t\t<\/div>\n\t\t\t\t<\/div>\n\t\t\t\t\t<\/div>\n\t\t<\/div>\n\t\t\t\t<div class=\"elementor-column elementor-col-33 elementor-inner-column elementor-element elementor-element-5fef88cd jltma-glass-effect-no\" data-id=\"5fef88cd\" data-element_type=\"column\">\n\t\t\t<div class=\"elementor-widget-wrap elementor-element-populated\">\n\t\t\t\t\t\t<div class=\"elementor-element elementor-element-8d052f4 jltma-glass-effect-no elementor-widget elementor-widget-heading\" data-id=\"8d052f4\" data-element_type=\"widget\" data-widget_type=\"heading.default\">\n\t\t\t\t<div class=\"elementor-widget-container\">\n\t\t\t\t\t<h2 class=\"elementor-heading-title elementor-size-default\">When a passion becomes a social enterprise<\/h2>\t\t\t\t<\/div>\n\t\t\t\t<\/div>\n\t\t\t\t<div class=\"elementor-element elementor-element-583f86d0 jltma-glass-effect-no elementor-widget elementor-widget-text-editor\" data-id=\"583f86d0\" data-element_type=\"widget\" data-widget_type=\"text-editor.default\">\n\t\t\t\t<div class=\"elementor-widget-container\">\n\t\t\t\t\t\t\t\t\t<p><a href=\"https:\/\/www.tamsstn.org\/en\/femmes-et-droits\/\">Women &amp; violence<\/a>\u200b\u200b &#8211; <a href=\"https:\/\/www.tamsstn.org\/en\/droits-de-lhomme\/\">Droits de l&rsquo;homme<\/a>\u200b &#8211; <a href=\"https:\/\/www.tamsstn.org\/en\/entrepreneuriat\/\">Entrepreneurship<\/a> &#8211; <a href=\"https:\/\/www.tamsstn.org\/en\/partenariat-public-et-prive%e2%80%8b\/\">Public and private partnership<\/a><\/p>\t\t\t\t\t\t\t\t<\/div>\n\t\t\t\t<\/div>\n\t\t\t\t\t<\/div>\n\t\t<\/div>\n\t\t\t\t<div class=\"elementor-column elementor-col-33 elementor-inner-column elementor-element elementor-element-4fcac1b0 jltma-glass-effect-no\" data-id=\"4fcac1b0\" data-element_type=\"column\">\n\t\t\t<div class=\"elementor-widget-wrap elementor-element-populated\">\n\t\t\t\t\t\t<div class=\"elementor-element elementor-element-2355a864 e-grid-align-left elementor-shape-rounded elementor-grid-0 jltma-glass-effect-no elementor-widget elementor-widget-social-icons\" data-id=\"2355a864\" data-element_type=\"widget\" data-widget_type=\"social-icons.default\">\n\t\t\t\t<div class=\"elementor-widget-container\">\n\t\t\t\t\t\t\t<div class=\"elementor-social-icons-wrapper elementor-grid\" role=\"list\">\n\t\t\t\t\t\t\t<span class=\"elementor-grid-item\" role=\"listitem\">\n\t\t\t\t\t<a class=\"elementor-icon elementor-social-icon elementor-social-icon-facebook-f elementor-animation-grow elementor-repeater-item-8b93740\" href=\"https:\/\/www.facebook.com\/tamss.tn\" target=\"_blank\" rel=\"noopener\">\n\t\t\t\t\t\t<span class=\"elementor-screen-only\">Facebook-f<\/span>\n\t\t\t\t\t\t<i aria-hidden=\"true\" class=\"fab fa-facebook-f\"><\/i>\t\t\t\t\t<\/a>\n\t\t\t\t<\/span>\n\t\t\t\t\t\t\t<span class=\"elementor-grid-item\" role=\"listitem\">\n\t\t\t\t\t<a class=\"elementor-icon elementor-social-icon elementor-social-icon-linkedin elementor-animation-grow elementor-repeater-item-d2b7695\" href=\"https:\/\/www.linkedin.com\/company\/tamss\" target=\"_blank\" rel=\"noopener\">\n\t\t\t\t\t\t<span class=\"elementor-screen-only\">Linkedin<\/span>\n\t\t\t\t\t\t<i aria-hidden=\"true\" class=\"fab fa-linkedin\"><\/i>\t\t\t\t\t<\/a>\n\t\t\t\t<\/span>\n\t\t\t\t\t\t\t<span class=\"elementor-grid-item\" role=\"listitem\">\n\t\t\t\t\t<a class=\"elementor-icon elementor-social-icon elementor-social-icon-youtube elementor-animation-grow elementor-repeater-item-0831677\" href=\"https:\/\/www.youtube.com\/channel\/UCGQTqGqmbPDlJOMlUsDGjpg\" target=\"_blank\" rel=\"noopener\">\n\t\t\t\t\t\t<span class=\"elementor-screen-only\">Youtube<\/span>\n\t\t\t\t\t\t<i aria-hidden=\"true\" class=\"fab fa-youtube\"><\/i>\t\t\t\t\t<\/a>\n\t\t\t\t<\/span>\n\t\t\t\t\t<\/div>\n\t\t\t\t\t\t<\/div>\n\t\t\t\t<\/div>\n\t\t\t\t<div class=\"elementor-element elementor-element-46241919 jltma-glass-effect-no elementor-widget elementor-widget-spacer\" data-id=\"46241919\" data-element_type=\"widget\" data-widget_type=\"spacer.default\">\n\t\t\t\t<div class=\"elementor-widget-container\">\n\t\t\t\t\t\t\t<div class=\"elementor-spacer\">\n\t\t\t<div class=\"elementor-spacer-inner\"><\/div>\n\t\t<\/div>\n\t\t\t\t\t\t<\/div>\n\t\t\t\t<\/div>\n\t\t\t\t\t<\/div>\n\t\t<\/div>\n\t\t\t\t\t<\/div>\n\t\t<\/section>\n\t\t\t\t\t<\/div>\n\t\t<\/div>\n\t\t\t\t\t<\/div>\n\t\t<\/section>\n\t\t\t\t<\/div>","protected":false},"excerpt":{"rendered":"<p>IDMEJ La Tunisie appuie l&rsquo;Inclusion des Communaut\u00e9s Vuln\u00e9rables En partenariat avec Humanit\u00e9 &amp; Inclusion (mieux connu sous Handicap International), le projet IDMEJ\u00a0vise l&rsquo;autonomisation et la protection des victimes de violences bas\u00e9es sur le genre et les personnes handicap\u00e9es en Tunisie\u00a0 afin qu&rsquo;elles puissent exercer leurs droits, en promouvant des r\u00e9formes sociales et institutionnelles favorables \u00e0 leur inclusion. Objectifs du projet : \u2022 Objectif 1 : Assurer un acc\u00e8s inclusif aux droits et renforcer les m\u00e9canismes de soutien pour am\u00e9liorer le parcours des victimes de VBG\u2022 Objectif\u00a02\u00a0: Am\u00e9liorer l&rsquo;acc\u00e8s aux syst\u00e8mes de protection sociale pour les personnes handicap\u00e9es gr\u00e2ce au d\u00e9ploiement de syst\u00e8mes d&rsquo;identification, d&rsquo;enregistrement et de suivi efficaces et inclusifs, conform\u00e9ment aux meilleures pratiques internationales\u2022 Objectif 3 : Promouvoir un environnement et un cadre juridique protecteurs et inclusifs pour les victimes de VBG et les personnes handicap\u00e9es par la pr\u00e9vention de la VBG, la sensibilisation, et plaidoyer. Activit\u00e9s de la TAMSS dans le cadre du programme IDMEJ:\u00a0 \u2022 Soutenir la p\u00e9rennit\u00e9 de 23 centres s\u00e9lectionn\u00e9s pour les femmes victimes de violence\u00a0 (FVV) et les victimes de violence bas\u00e9e sur le genre (VBG) en g\u00e9n\u00e9ral\u2022 Renforcer l&rsquo;Observatoire national pour la pr\u00e9vention de la violence \u00e0 l&rsquo;\u00e9gard des femmes (NOPVW) afin de fournir et de maintenir \u00e0 jour les donn\u00e9es compl\u00e8tes n\u00e9cessaires pour soutenir les activit\u00e9s de\u00a0 plaidoyer, la planification, la mise en \u0153uvre et le suivi et \u00e9valuation\u00a0des interventions\u2022 Vulgariser les protocoles de gestion des cas de VBG pour promouvoir une r\u00e9ponse globale et bien coordonn\u00e9e \u00e0 la VBG entre les entit\u00e9s du Minist\u00e8re, les services de base, les acteurs de soutien de premi\u00e8re ligne dans les 24 gouvernorats\u2022 D\u00e9velopper un support d&rsquo;aide juridique pour les victimes de VBG\u2022 Campagnes de plaidoyer men\u00e9es pour l&rsquo;int\u00e9gration des dispositions de la Commission r\u00e9gionales de lutte contre les violences\u00a0\u2022 Mobiliser les organisations de la soci\u00e9t\u00e9 civile pour mener des campagnes de sensibilisation au niveau r\u00e9gional\u2022 Engager et former 40 ambassadeurs, c&rsquo;est-\u00e0-dire des leaders d&rsquo;opinion, des chefs religieux, des journalistes, pour mener une sensibilisation contre les st\u00e9r\u00e9otypes de genre et de handicap au niveau local\u2022 Mener des campagnes de sensibilisation \u00e0 grande \u00e9chelle sur les droits des femmes et des personnes handicap\u00e9es et sur les protections accord\u00e9es par les lois anti-discriminatoires. \u00a0 VENEZ NOUS REJOINDRE 9, rue des Pommes El Manar 2092 Tunis, Tunisie. 71 885 344 Quand une passion devient une entreprise sociale Femmes et violence\u200b\u200b &#8211; Droits de l&rsquo;homme\u200b &#8211; Entrepreneuriat &#8211; Partenariat public et priv\u00e9\u200b Facebook-f Linkedin Youtube<\/p>","protected":false},"author":1,"featured_media":0,"parent":0,"menu_order":0,"comment_status":"closed","ping_status":"closed","template":"","meta":{"_exactmetrics_skip_tracking":false,"_exactmetrics_sitenote_active":false,"_exactmetrics_sitenote_note":"","_exactmetrics_sitenote_category":0,"footnotes":""},"class_list":["post-7032","page","type-page","status-publish","hentry","entry"],"_links":{"self":[{"href":"http:\/\/www.tamsstn.org\/en\/wp-json\/wp\/v2\/pages\/7032","targetHints":{"allow":["GET"]}}],"collection":[{"href":"http:\/\/www.tamsstn.org\/en\/wp-json\/wp\/v2\/pages"}],"about":[{"href":"http:\/\/www.tamsstn.org\/en\/wp-json\/wp\/v2\/types\/page"}],"author":[{"embeddable":true,"href":"http:\/\/www.tamsstn.org\/en\/wp-json\/wp\/v2\/users\/1"}],"replies":[{"embeddable":true,"href":"http:\/\/www.tamsstn.org\/en\/wp-json\/wp\/v2\/comments?post=7032"}],"version-history":[{"count":24,"href":"http:\/\/www.tamsstn.org\/en\/wp-json\/wp\/v2\/pages\/7032\/revisions"}],"predecessor-version":[{"id":9217,"href":"http:\/\/www.tamsstn.org\/en\/wp-json\/wp\/v2\/pages\/7032\/revisions\/9217"}],"wp:attachment":[{"href":"http:\/\/www.tamsstn.org\/en\/wp-json\/wp\/v2\/media?parent=7032"}],"curies":[{"name":"wp","href":"https:\/\/api.w.org\/{rel}","templated":true}]}}