{"id":5002,"date":"2021-11-02T12:53:25","date_gmt":"2021-11-02T11:53:25","guid":{"rendered":"https:\/\/www.tamsstn.org\/?page_id=5002"},"modified":"2023-01-23T09:01:16","modified_gmt":"2023-01-23T08:01:16","slug":"flag","status":"publish","type":"page","link":"http:\/\/www.tamsstn.org\/en\/flag\/","title":{"rendered":"FLAG"},"content":{"rendered":"<div data-elementor-type=\"wp-page\" data-elementor-id=\"5002\" class=\"elementor elementor-5002\">\n\t\t\t\t\t\t<section class=\"elementor-section elementor-top-section elementor-element elementor-element-49f7f27b elementor-section-items-top elementor-section-height-min-height elementor-section-boxed elementor-section-height-default wpr-particle-no wpr-jarallax-no wpr-parallax-no wpr-sticky-section-no jltma-glass-effect-no\" data-id=\"49f7f27b\" data-element_type=\"section\" data-settings=\"{&quot;background_background&quot;:&quot;classic&quot;}\">\n\t\t\t\t\t\t<div class=\"elementor-container elementor-column-gap-default\">\n\t\t\t\t\t<div class=\"elementor-column elementor-col-100 elementor-top-column elementor-element elementor-element-7e00b021 jltma-glass-effect-no\" data-id=\"7e00b021\" data-element_type=\"column\">\n\t\t\t<div class=\"elementor-widget-wrap elementor-element-populated\">\n\t\t\t\t\t\t\t<\/div>\n\t\t<\/div>\n\t\t\t\t\t<\/div>\n\t\t<\/section>\n\t\t\t\t<section class=\"elementor-section elementor-top-section elementor-element elementor-element-7d674e95 elementor-section-boxed elementor-section-height-default elementor-section-height-default wpr-particle-no wpr-jarallax-no wpr-parallax-no wpr-sticky-section-no jltma-glass-effect-no\" data-id=\"7d674e95\" data-element_type=\"section\">\n\t\t\t\t\t\t<div class=\"elementor-container elementor-column-gap-no\">\n\t\t\t\t\t<div class=\"elementor-column elementor-col-50 elementor-top-column elementor-element elementor-element-21138553 jltma-glass-effect-no\" data-id=\"21138553\" data-element_type=\"column\">\n\t\t\t<div class=\"elementor-widget-wrap elementor-element-populated\">\n\t\t\t\t\t\t<div class=\"elementor-element elementor-element-9ac41bf jltma-glass-effect-no elementor-widget elementor-widget-heading\" data-id=\"9ac41bf\" data-element_type=\"widget\" data-widget_type=\"heading.default\">\n\t\t\t\t<div class=\"elementor-widget-container\">\n\t\t\t\t\t<h2 class=\"elementor-heading-title elementor-size-default\">FLAG<\/h2>\t\t\t\t<\/div>\n\t\t\t\t<\/div>\n\t\t\t\t<div class=\"elementor-element elementor-element-482e8758 jltma-glass-effect-no elementor-widget elementor-widget-heading\" data-id=\"482e8758\" data-element_type=\"widget\" data-widget_type=\"heading.default\">\n\t\t\t\t<div class=\"elementor-widget-container\">\n\t\t\t\t\t<h3 class=\"elementor-heading-title elementor-size-large\">Description<\/h3>\t\t\t\t<\/div>\n\t\t\t\t<\/div>\n\t\t\t\t<div class=\"elementor-element elementor-element-350fb11c jltma-glass-effect-no elementor-widget elementor-widget-text-editor\" data-id=\"350fb11c\" data-element_type=\"widget\" data-widget_type=\"text-editor.default\">\n\t\t\t\t<div class=\"elementor-widget-container\">\n\t\t\t\t\t\t\t\t\t<p>The FLAG project is funded by the European Commission in collaboration with the Ministry of Women, Family, and Children as part of the \"MOUSSAWAT\" Program. The TAMSS association is implementing the project in collaboration with the Tunisian Centre for Social Entrepreneurship \"TCSE,\" Pontes Ricerche and Interventi, and Oxfam Italia. FLAG contributes to women's economic empowerment and equitable participation in Tunisia's economic growth.<\/p>\t\t\t\t\t\t\t\t<\/div>\n\t\t\t\t<\/div>\n\t\t\t\t\t<\/div>\n\t\t<\/div>\n\t\t\t\t<div class=\"elementor-column elementor-col-50 elementor-top-column elementor-element elementor-element-5bd218be jltma-glass-effect-no\" data-id=\"5bd218be\" data-element_type=\"column\">\n\t\t\t<div class=\"elementor-widget-wrap elementor-element-populated\">\n\t\t\t\t\t\t<div class=\"elementor-element elementor-element-2a05a6c0 elementor-widget-divider--view-line jltma-glass-effect-no elementor-widget elementor-widget-divider\" data-id=\"2a05a6c0\" data-element_type=\"widget\" data-widget_type=\"divider.default\">\n\t\t\t\t<div class=\"elementor-widget-container\">\n\t\t\t\t\t\t\t<div class=\"elementor-divider\">\n\t\t\t<span class=\"elementor-divider-separator\">\n\t\t\t\t\t\t<\/span>\n\t\t<\/div>\n\t\t\t\t\t\t<\/div>\n\t\t\t\t<\/div>\n\t\t\t\t\t<\/div>\n\t\t<\/div>\n\t\t\t\t\t<\/div>\n\t\t<\/section>\n\t\t\t\t<section class=\"elementor-section elementor-top-section elementor-element elementor-element-17e64d25 elementor-section-content-middle elementor-section-full_width elementor-reverse-mobile elementor-section-height-default elementor-section-height-default wpr-particle-no wpr-jarallax-no wpr-parallax-no wpr-sticky-section-no jltma-glass-effect-no\" data-id=\"17e64d25\" data-element_type=\"section\" data-settings=\"{&quot;background_background&quot;:&quot;none&quot;}\">\n\t\t\t\t\t\t<div class=\"elementor-container elementor-column-gap-no\">\n\t\t\t\t\t<div class=\"elementor-column elementor-col-50 elementor-top-column elementor-element elementor-element-2c747049 jltma-glass-effect-no\" data-id=\"2c747049\" data-element_type=\"column\" data-settings=\"{&quot;background_background&quot;:&quot;gradient&quot;}\">\n\t\t\t<div class=\"elementor-widget-wrap elementor-element-populated\">\n\t\t\t\t\t\t<div class=\"elementor-element elementor-element-71f348e jltma-glass-effect-no elementor-widget elementor-widget-heading\" data-id=\"71f348e\" data-element_type=\"widget\" data-widget_type=\"heading.default\">\n\t\t\t\t<div class=\"elementor-widget-container\">\n\t\t\t\t\t<h2 class=\"elementor-heading-title elementor-size-default\">Objectives<\/h2>\t\t\t\t<\/div>\n\t\t\t\t<\/div>\n\t\t\t\t<div class=\"elementor-element elementor-element-bd93b4d jltma-glass-effect-no elementor-widget elementor-widget-text-editor\" data-id=\"bd93b4d\" data-element_type=\"widget\" data-widget_type=\"text-editor.default\">\n\t\t\t\t<div class=\"elementor-widget-container\">\n\t\t\t\t\t\t\t\t\t<p>The FLAG project's overall goal is to contribute to women's economic empowerment and equitable participation in Tunisia's economic growth. Its specific goal is to support the creation of an environment that encourages female entrepreneurship in traditional and innovative sectors, as well as the creation of jobs for women.<\/p>\t\t\t\t\t\t\t\t<\/div>\n\t\t\t\t<\/div>\n\t\t\t\t\t<\/div>\n\t\t<\/div>\n\t\t\t\t<div class=\"elementor-column elementor-col-50 elementor-top-column elementor-element elementor-element-f16d583 jltma-glass-effect-no\" data-id=\"f16d583\" data-element_type=\"column\" data-settings=\"{&quot;background_background&quot;:&quot;classic&quot;}\">\n\t\t\t<div class=\"elementor-widget-wrap elementor-element-populated\">\n\t\t\t\t\t<div class=\"elementor-background-overlay\"><\/div>\n\t\t\t\t\t\t<div class=\"elementor-element elementor-element-5a7e2d7 jltma-glass-effect-no elementor-widget elementor-widget-video\" data-id=\"5a7e2d7\" data-element_type=\"widget\" data-settings=\"{&quot;video_type&quot;:&quot;vimeo&quot;}\" data-widget_type=\"video.default\">\n\t\t\t\t<div class=\"elementor-widget-container\">\n\t\t\t\t\t\t\t<div class=\"elementor-wrapper elementor-open-inline\">\n\t\t\t<iframe class=\"elementor-video-iframe\" allowfullscreen allow=\"clipboard-write\" title=\"vimeo Video Player\" src=\"https:\/\/player.vimeo.com\/video\/673109140?color&amp;autopause=0&amp;loop=0&amp;muted=0&amp;title=0&amp;portrait=0&amp;byline=0#t=\" data-no-translation-title=\"\"><\/iframe>\t\t<\/div>\n\t\t\t\t\t\t<\/div>\n\t\t\t\t<\/div>\n\t\t\t\t<div class=\"elementor-element elementor-element-6831149 jltma-glass-effect-no elementor-widget elementor-widget-video\" data-id=\"6831149\" data-element_type=\"widget\" data-settings=\"{&quot;video_type&quot;:&quot;vimeo&quot;}\" data-widget_type=\"video.default\">\n\t\t\t\t<div class=\"elementor-widget-container\">\n\t\t\t\t\t\t\t<div class=\"elementor-wrapper elementor-open-inline\">\n\t\t\t<iframe class=\"elementor-video-iframe\" allowfullscreen allow=\"clipboard-write\" title=\"vimeo Video Player\" src=\"https:\/\/player.vimeo.com\/video\/673114875?color&amp;autopause=0&amp;loop=0&amp;muted=0&amp;title=0&amp;portrait=0&amp;byline=0#t=\" data-no-translation-title=\"\"><\/iframe>\t\t<\/div>\n\t\t\t\t\t\t<\/div>\n\t\t\t\t<\/div>\n\t\t\t\t\t<\/div>\n\t\t<\/div>\n\t\t\t\t\t<\/div>\n\t\t<\/section>\n\t\t\t\t<section class=\"elementor-section elementor-top-section elementor-element elementor-element-67bd6a9b elementor-section-boxed elementor-section-height-default elementor-section-height-default wpr-particle-no wpr-jarallax-no wpr-parallax-no wpr-sticky-section-no jltma-glass-effect-no\" data-id=\"67bd6a9b\" data-element_type=\"section\" data-settings=\"{&quot;background_background&quot;:&quot;classic&quot;}\">\n\t\t\t\t\t\t\t<div class=\"elementor-background-overlay\"><\/div>\n\t\t\t\t\t\t\t<div class=\"elementor-container elementor-column-gap-default\">\n\t\t\t\t\t<div class=\"elementor-column elementor-col-100 elementor-top-column elementor-element elementor-element-1f8c1d4e jltma-glass-effect-no\" data-id=\"1f8c1d4e\" data-element_type=\"column\" data-settings=\"{&quot;background_background&quot;:&quot;classic&quot;}\">\n\t\t\t<div class=\"elementor-widget-wrap elementor-element-populated\">\n\t\t\t\t\t<div class=\"elementor-background-overlay\"><\/div>\n\t\t\t\t\t\t<section class=\"elementor-section elementor-inner-section elementor-element elementor-element-2aefa5a3 elementor-section-full_width elementor-section-height-default elementor-section-height-default wpr-particle-no wpr-jarallax-no wpr-parallax-no wpr-sticky-section-no jltma-glass-effect-no\" data-id=\"2aefa5a3\" data-element_type=\"section\" data-settings=\"{&quot;background_background&quot;:&quot;gradient&quot;}\">\n\t\t\t\t\t\t<div class=\"elementor-container elementor-column-gap-no\">\n\t\t\t\t\t<article class=\"elementor-column elementor-col-100 elementor-inner-column elementor-element elementor-element-5e61444a jltma-glass-effect-no\" data-id=\"5e61444a\" data-element_type=\"column\" data-settings=\"{&quot;background_background&quot;:&quot;classic&quot;}\">\n\t\t\t<div class=\"elementor-widget-wrap elementor-element-populated\">\n\t\t\t\t\t\t<div class=\"elementor-element elementor-element-6cd778e7 jltma-glass-effect-no elementor-widget elementor-widget-heading\" data-id=\"6cd778e7\" data-element_type=\"widget\" data-widget_type=\"heading.default\">\n\t\t\t\t<div class=\"elementor-widget-container\">\n\t\t\t\t\t<h3 class=\"elementor-heading-title elementor-size-large\">Our outcomes<\/h3>\t\t\t\t<\/div>\n\t\t\t\t<\/div>\n\t\t\t\t<div class=\"elementor-element elementor-element-4b23ce7e jltma-glass-effect-no elementor-widget elementor-widget-text-editor\" data-id=\"4b23ce7e\" data-element_type=\"widget\" data-widget_type=\"text-editor.default\">\n\t\t\t\t<div class=\"elementor-widget-container\">\n\t\t\t\t\t\t\t\t\t<ul><li>Rapport: \u00c9laboration d&rsquo;une cartographie bas\u00e9e sur le genre de l&rsquo;\u00e9cosyst\u00e8me entrepreneurial dans les r\u00e9gions du Grand Tunis, de Mahdia, de Kairouan et de Gafsa<\/li><li>52 repr\u00e9sentants des centres d&rsquo;appui au d\u00e9veloppement des entreprises et \u00e0 l&rsquo;entreprenariat et 8 membres de 3 centres ont particip\u00e9 \u00e0 28 jours de formation et ont renforc\u00e9 leurs capacit\u00e9s en termes de d\u00e9veloppement personnel et d&rsquo;accompagnement des futurs entrepreneurs.<\/li><li>11 staff members from four regions' entrepreneurship support centres (Kairouan, Gafsa, Tunis, and Mahdia) participated in a six-day exchange program in Italy, where they learned about the creation of incubators.<\/li><li>Three technical and thematic groups are formed and strengthened, and an ethical charter has been adopted.<\/li><li>Rapport: Une analyse de genre sur l&rsquo;entrepreneuriat est d\u00e9velopp\u00e9e<\/li><li>Rapport: \u00e9valuation bas\u00e9e sur le genre des services fournis par les structures de soutien \u00e0 l&rsquo;entrepreneuriat<\/li><li>70 women-led businesses have been created and 30 expanded.<\/li><li>The guide: How to Support the Creation, Modernization, and Strengthening of Women's Craft Businesses, and the Marketing of Their Products has been elaborated<\/li><\/ul>\t\t\t\t\t\t\t\t<\/div>\n\t\t\t\t<\/div>\n\t\t\t\t\t<\/div>\n\t\t<\/article>\n\t\t\t\t\t<\/div>\n\t\t<\/section>\n\t\t\t\t\t<\/div>\n\t\t<\/div>\n\t\t\t\t\t<\/div>\n\t\t<\/section>\n\t\t\t\t<section class=\"elementor-section elementor-top-section elementor-element elementor-element-0d51e54 elementor-section-full_width elementor-section-stretched elementor-section-height-default elementor-section-height-default wpr-particle-no wpr-jarallax-no wpr-parallax-no wpr-sticky-section-no jltma-glass-effect-no\" data-id=\"0d51e54\" data-element_type=\"section\" data-settings=\"{&quot;stretch_section&quot;:&quot;section-stretched&quot;}\">\n\t\t\t\t\t\t<div class=\"elementor-container elementor-column-gap-default\">\n\t\t\t\t\t<div class=\"elementor-column elementor-col-100 elementor-top-column elementor-element elementor-element-3139576 jltma-glass-effect-no\" data-id=\"3139576\" data-element_type=\"column\">\n\t\t\t<div class=\"elementor-widget-wrap\">\n\t\t\t\t\t\t\t<\/div>\n\t\t<\/div>\n\t\t\t\t\t<\/div>\n\t\t<\/section>\n\t\t\t\t<section class=\"elementor-section elementor-top-section elementor-element elementor-element-0150039 elementor-section-boxed elementor-section-height-default elementor-section-height-default wpr-particle-no wpr-jarallax-no wpr-parallax-no wpr-sticky-section-no jltma-glass-effect-no\" data-id=\"0150039\" data-element_type=\"section\">\n\t\t\t\t\t\t<div class=\"elementor-container elementor-column-gap-default\">\n\t\t\t\t\t<div class=\"elementor-column elementor-col-100 elementor-top-column elementor-element elementor-element-9b1e15c jltma-glass-effect-no\" data-id=\"9b1e15c\" data-element_type=\"column\">\n\t\t\t<div class=\"elementor-widget-wrap\">\n\t\t\t\t\t\t\t<\/div>\n\t\t<\/div>\n\t\t\t\t\t<\/div>\n\t\t<\/section>\n\t\t\t\t<section class=\"elementor-section elementor-top-section elementor-element elementor-element-619fd557 elementor-section-content-middle elementor-section-boxed elementor-section-height-default elementor-section-height-default wpr-particle-no wpr-jarallax-no wpr-parallax-no wpr-sticky-section-no jltma-glass-effect-no\" data-id=\"619fd557\" data-element_type=\"section\" data-settings=\"{&quot;background_background&quot;:&quot;classic&quot;}\">\n\t\t\t\t\t\t<div class=\"elementor-container elementor-column-gap-no\">\n\t\t\t\t\t<div class=\"elementor-column elementor-col-100 elementor-top-column elementor-element elementor-element-4328694d jltma-glass-effect-no\" data-id=\"4328694d\" data-element_type=\"column\">\n\t\t\t<div class=\"elementor-widget-wrap elementor-element-populated\">\n\t\t\t\t\t\t<div class=\"elementor-element elementor-element-3129a3f3 jltma-glass-effect-no elementor-widget elementor-widget-heading\" data-id=\"3129a3f3\" data-element_type=\"widget\" data-widget_type=\"heading.default\">\n\t\t\t\t<div class=\"elementor-widget-container\">\n\t\t\t\t\t<h4 class=\"elementor-heading-title elementor-size-default\">JOIN US<\/h4>\t\t\t\t<\/div>\n\t\t\t\t<\/div>\n\t\t\t\t<section class=\"elementor-section elementor-inner-section elementor-element elementor-element-e39301f elementor-section-content-middle elementor-section-boxed elementor-section-height-default elementor-section-height-default wpr-particle-no wpr-jarallax-no wpr-parallax-no wpr-sticky-section-no jltma-glass-effect-no\" data-id=\"e39301f\" data-element_type=\"section\">\n\t\t\t\t\t\t<div class=\"elementor-container elementor-column-gap-default\">\n\t\t\t\t\t<div class=\"elementor-column elementor-col-33 elementor-inner-column elementor-element elementor-element-38a462a7 jltma-glass-effect-no\" data-id=\"38a462a7\" data-element_type=\"column\">\n\t\t\t<div class=\"elementor-widget-wrap elementor-element-populated\">\n\t\t\t\t\t\t<div class=\"elementor-element elementor-element-396e2051 jltma-glass-effect-no elementor-widget elementor-widget-image\" data-id=\"396e2051\" data-element_type=\"widget\" data-widget_type=\"image.default\">\n\t\t\t\t<div class=\"elementor-widget-container\">\n\t\t\t\t\t\t\t\t\t\t\t\t\t\t\t<img fetchpriority=\"high\" decoding=\"async\" width=\"1024\" height=\"404\" src=\"https:\/\/www.tamsstn.org\/wp-content\/uploads\/2023\/01\/Fichier-21080.png\" class=\"attachment-large size-large wp-image-8384\" alt=\"\" title=\"\">\t\t\t\t\t\t\t\t\t\t\t\t\t\t\t<\/div>\n\t\t\t\t<\/div>\n\t\t\t\t<div class=\"elementor-element elementor-element-3e754e3 jltma-glass-effect-no elementor-widget elementor-widget-text-editor\" data-id=\"3e754e3\" data-element_type=\"widget\" data-widget_type=\"text-editor.default\">\n\t\t\t\t<div class=\"elementor-widget-container\">\n\t\t\t\t\t\t\t\t\t<p>9, rue des Pommes El Manar 2092 Tunis, Tunisie.<\/p><p>71 885 344<\/p>\t\t\t\t\t\t\t\t<\/div>\n\t\t\t\t<\/div>\n\t\t\t\t<div class=\"elementor-element elementor-element-6a5d6bb1 jltma-glass-effect-no elementor-widget elementor-widget-spacer\" data-id=\"6a5d6bb1\" data-element_type=\"widget\" data-widget_type=\"spacer.default\">\n\t\t\t\t<div class=\"elementor-widget-container\">\n\t\t\t\t\t\t\t<div class=\"elementor-spacer\">\n\t\t\t<div class=\"elementor-spacer-inner\"><\/div>\n\t\t<\/div>\n\t\t\t\t\t\t<\/div>\n\t\t\t\t<\/div>\n\t\t\t\t\t<\/div>\n\t\t<\/div>\n\t\t\t\t<div class=\"elementor-column elementor-col-33 elementor-inner-column elementor-element elementor-element-6ddba47a jltma-glass-effect-no\" data-id=\"6ddba47a\" data-element_type=\"column\">\n\t\t\t<div class=\"elementor-widget-wrap elementor-element-populated\">\n\t\t\t\t\t\t<div class=\"elementor-element elementor-element-23657054 jltma-glass-effect-no elementor-widget elementor-widget-heading\" data-id=\"23657054\" data-element_type=\"widget\" data-widget_type=\"heading.default\">\n\t\t\t\t<div class=\"elementor-widget-container\">\n\t\t\t\t\t<h2 class=\"elementor-heading-title elementor-size-default\">When a passion becomes a social enterprise<\/h2>\t\t\t\t<\/div>\n\t\t\t\t<\/div>\n\t\t\t\t<div class=\"elementor-element elementor-element-46fff3df jltma-glass-effect-no elementor-widget elementor-widget-text-editor\" data-id=\"46fff3df\" data-element_type=\"widget\" data-widget_type=\"text-editor.default\">\n\t\t\t\t<div class=\"elementor-widget-container\">\n\t\t\t\t\t\t\t\t\t<p><a href=\"https:\/\/www.tamsstn.org\/en\/femmes-et-droits\/\">Women &amp; violence<\/a>\u200b\u200b &#8211; <a href=\"https:\/\/www.tamsstn.org\/en\/droits-de-lhomme\/\">Droits de l&rsquo;homme<\/a>\u200b &#8211; <a href=\"https:\/\/www.tamsstn.org\/en\/entrepreneuriat\/\">Entrepreneurship<\/a> &#8211; <a href=\"https:\/\/www.tamsstn.org\/en\/partenariat-public-et-prive%e2%80%8b\/\">Public and private partnership<\/a><\/p>\t\t\t\t\t\t\t\t<\/div>\n\t\t\t\t<\/div>\n\t\t\t\t\t<\/div>\n\t\t<\/div>\n\t\t\t\t<div class=\"elementor-column elementor-col-33 elementor-inner-column elementor-element elementor-element-6fa27266 jltma-glass-effect-no\" data-id=\"6fa27266\" data-element_type=\"column\">\n\t\t\t<div class=\"elementor-widget-wrap elementor-element-populated\">\n\t\t\t\t\t\t<div class=\"elementor-element elementor-element-36e72db e-grid-align-left elementor-shape-rounded elementor-grid-0 jltma-glass-effect-no elementor-widget elementor-widget-social-icons\" data-id=\"36e72db\" data-element_type=\"widget\" data-widget_type=\"social-icons.default\">\n\t\t\t\t<div class=\"elementor-widget-container\">\n\t\t\t\t\t\t\t<div class=\"elementor-social-icons-wrapper elementor-grid\" role=\"list\">\n\t\t\t\t\t\t\t<span class=\"elementor-grid-item\" role=\"listitem\">\n\t\t\t\t\t<a class=\"elementor-icon elementor-social-icon elementor-social-icon-facebook-f elementor-animation-grow elementor-repeater-item-8b93740\" href=\"https:\/\/www.facebook.com\/tamss.tn\" target=\"_blank\" rel=\"noopener\">\n\t\t\t\t\t\t<span class=\"elementor-screen-only\">Facebook-f<\/span>\n\t\t\t\t\t\t<i aria-hidden=\"true\" class=\"fab fa-facebook-f\"><\/i>\t\t\t\t\t<\/a>\n\t\t\t\t<\/span>\n\t\t\t\t\t\t\t<span class=\"elementor-grid-item\" role=\"listitem\">\n\t\t\t\t\t<a class=\"elementor-icon elementor-social-icon elementor-social-icon-linkedin elementor-animation-grow elementor-repeater-item-d2b7695\" href=\"https:\/\/www.linkedin.com\/company\/tamss\" target=\"_blank\" rel=\"noopener\">\n\t\t\t\t\t\t<span class=\"elementor-screen-only\">Linkedin<\/span>\n\t\t\t\t\t\t<i aria-hidden=\"true\" class=\"fab fa-linkedin\"><\/i>\t\t\t\t\t<\/a>\n\t\t\t\t<\/span>\n\t\t\t\t\t\t\t<span class=\"elementor-grid-item\" role=\"listitem\">\n\t\t\t\t\t<a class=\"elementor-icon elementor-social-icon elementor-social-icon-youtube elementor-animation-grow elementor-repeater-item-0831677\" href=\"https:\/\/www.youtube.com\/channel\/UCGQTqGqmbPDlJOMlUsDGjpg\" target=\"_blank\" rel=\"noopener\">\n\t\t\t\t\t\t<span class=\"elementor-screen-only\">Youtube<\/span>\n\t\t\t\t\t\t<i aria-hidden=\"true\" class=\"fab fa-youtube\"><\/i>\t\t\t\t\t<\/a>\n\t\t\t\t<\/span>\n\t\t\t\t\t<\/div>\n\t\t\t\t\t\t<\/div>\n\t\t\t\t<\/div>\n\t\t\t\t<div class=\"elementor-element elementor-element-4b47959c jltma-glass-effect-no elementor-widget elementor-widget-spacer\" data-id=\"4b47959c\" data-element_type=\"widget\" data-widget_type=\"spacer.default\">\n\t\t\t\t<div class=\"elementor-widget-container\">\n\t\t\t\t\t\t\t<div class=\"elementor-spacer\">\n\t\t\t<div class=\"elementor-spacer-inner\"><\/div>\n\t\t<\/div>\n\t\t\t\t\t\t<\/div>\n\t\t\t\t<\/div>\n\t\t\t\t\t<\/div>\n\t\t<\/div>\n\t\t\t\t\t<\/div>\n\t\t<\/section>\n\t\t\t\t\t<\/div>\n\t\t<\/div>\n\t\t\t\t\t<\/div>\n\t\t<\/section>\n\t\t\t\t<\/div>","protected":false},"excerpt":{"rendered":"<p>FLAG Description du projet Le projet FLAG s\u2019inscrit dans le cadre dans du Programme \u00ab MOUSSAWAT \u00bb financ\u00e9 par la Commission Europ\u00e9enne en partenariat avec le Minist\u00e8re de la Femme, de la Famille et de l\u2019Enfance. Le projet est mis en place par l\u2019association TAMSS en partenariat avec les organismes suivants :\u00a0 Tunisian Center for Social Entrepreneurship\u00a0 \u00ab TCSE \u00bb, Pontes Ricerche et Interventi, et Oxfam Italia. FLAG, contribue \u00e0 am\u00e9liorer l\u2019autonomisation \u00e9conomique des femmes et leur participation \u00e9quitable \u00e0 la croissance \u00e9conomique de la Tunisie Objectif Le projet FLAG a pour objectif global de contribuer \u00e0 am\u00e9liorer l\u2019autonomisation \u00e9conomique des femmes et leur participation \u00e9quitable \u00e0 la croissance \u00e9conomique de la Tunisie. Comme objectif sp\u00e9cifique il vise de soutenir la cr\u00e9ation d\u2019un environnement favorable \u00e0 l\u2019entrepreneuriat f\u00e9minin dans des secteurs traditionnels et innovants et \u00e0 la cr\u00e9ation d\u2019emplois pour les femmes https:\/\/vimeo.com\/673109140https:\/\/vimeo.com\/673114875 Quelques r\u00e9sultats Rapport: \u00c9laboration d&rsquo;une cartographie bas\u00e9e sur le genre de l&rsquo;\u00e9cosyst\u00e8me entrepreneurial dans les r\u00e9gions du Grand Tunis, de Mahdia, de Kairouan et de Gafsa 52 repr\u00e9sentants des centres d&rsquo;appui au d\u00e9veloppement des entreprises et \u00e0 l&rsquo;entreprenariat et 8 membres de 3 centres ont particip\u00e9 \u00e0 28 jours de formation et ont renforc\u00e9 leurs capacit\u00e9s en termes de d\u00e9veloppement personnel et d&rsquo;accompagnement des futurs entrepreneurs. 11 membres du personnel des centres d\u2019appui \u00e0 l\u2019esprit d\u2019entreprise des quatre r\u00e9gions (Kairouan, Gafsa, Tunis, Mahdia) ont particip\u00e9 \u00e0 un programme d\u2019\u00e9change de six jours en Italie et ont acquis des comp\u00e9tences dans la cr\u00e9ation d\u2019incubateurs. 3 groupes techniques et th\u00e9matiques sont cr\u00e9\u00e9s et renforc\u00e9s &#8211; une charte \u00e9thique est adopt\u00e9e Rapport: Une analyse de genre sur l&rsquo;entrepreneuriat est d\u00e9velopp\u00e9e Rapport: \u00e9valuation bas\u00e9e sur le genre des services fournis par les structures de soutien \u00e0 l&rsquo;entrepreneuriat 70 entreprises cr\u00e9\u00e9es et 30 d\u00e9velopp\u00e9es Un guide: Comment soutenir la cr\u00e9ation, la modernisation et le renforcement des entreprises artisanales des femmes et la commercialisation de leurs produits \u00e9labor\u00e9s VENEZ NOUS REJOINDRE 9, rue des Pommes El Manar 2092 Tunis, Tunisie. 71 885 344 Quand une passion devient une entreprise sociale Femmes et violence\u200b\u200b &#8211; Droits de l&rsquo;homme\u200b &#8211; Entrepreneuriat &#8211; Partenariat public et priv\u00e9\u200b Facebook-f Linkedin Youtube<\/p>","protected":false},"author":1,"featured_media":0,"parent":0,"menu_order":0,"comment_status":"closed","ping_status":"closed","template":"","meta":{"_exactmetrics_skip_tracking":false,"_exactmetrics_sitenote_active":false,"_exactmetrics_sitenote_note":"","_exactmetrics_sitenote_category":0,"footnotes":""},"class_list":["post-5002","page","type-page","status-publish","hentry","entry"],"_links":{"self":[{"href":"http:\/\/www.tamsstn.org\/en\/wp-json\/wp\/v2\/pages\/5002","targetHints":{"allow":["GET"]}}],"collection":[{"href":"http:\/\/www.tamsstn.org\/en\/wp-json\/wp\/v2\/pages"}],"about":[{"href":"http:\/\/www.tamsstn.org\/en\/wp-json\/wp\/v2\/types\/page"}],"author":[{"embeddable":true,"href":"http:\/\/www.tamsstn.org\/en\/wp-json\/wp\/v2\/users\/1"}],"replies":[{"embeddable":true,"href":"http:\/\/www.tamsstn.org\/en\/wp-json\/wp\/v2\/comments?post=5002"}],"version-history":[{"count":9,"href":"http:\/\/www.tamsstn.org\/en\/wp-json\/wp\/v2\/pages\/5002\/revisions"}],"predecessor-version":[{"id":8422,"href":"http:\/\/www.tamsstn.org\/en\/wp-json\/wp\/v2\/pages\/5002\/revisions\/8422"}],"wp:attachment":[{"href":"http:\/\/www.tamsstn.org\/en\/wp-json\/wp\/v2\/media?parent=5002"}],"curies":[{"name":"wp","href":"https:\/\/api.w.org\/{rel}","templated":true}]}}